{"id":1058,"date":"2021-10-06T17:44:05","date_gmt":"2021-10-06T16:44:05","guid":{"rendered":"https:\/\/ciceli.es\/en\/?page_id=1058"},"modified":"2022-06-30T16:10:30","modified_gmt":"2022-06-30T15:10:30","slug":"committees","status":"publish","type":"page","link":"https:\/\/ciceli.es\/en\/committees\/","title":{"rendered":"Committees"},"content":{"rendered":"<p>[et_pb_section fb_built=&#8221;1&#8243; prev_background_color=&#8221;#ffffff&#8221; _builder_version=&#8221;4.16&#8243; background_color=&#8221;#2893D2&#8243; background_enable_image=&#8221;off&#8221; background_blend=&#8221;darken&#8221; height=&#8221;200px&#8221; custom_margin=&#8221;||||false|false&#8221; top_divider_style=&#8221;arrow3&#8243; bottom_divider_style=&#8221;curve&#8221; bottom_divider_color=&#8221;#ffffff&#8221; bottom_divider_height=&#8221;29px&#8221; global_colors_info=&#8221;{}&#8221;][et_pb_row _builder_version=&#8221;4.16&#8243; custom_padding=&#8221;0px|||||&#8221; global_colors_info=&#8221;{}&#8221;][et_pb_column type=&#8221;4_4&#8243; _builder_version=&#8221;4.16&#8243; global_colors_info=&#8221;{}&#8221;][et_pb_text _builder_version=&#8221;4.16&#8243; text_font=&#8221;Annie Use Your Telescope|700|||||||&#8221; text_text_color=&#8221;#ffffff&#8221; text_font_size=&#8221;55px&#8221; text_letter_spacing=&#8221;2px&#8221; text_line_height=&#8221;1.9em&#8221; text_orientation=&#8221;center&#8221; custom_margin=&#8221;||-24px|||&#8221; custom_padding=&#8221;0px|||||&#8221; text_font_size_tablet=&#8221;50px&#8221; text_font_size_phone=&#8221;46px&#8221; text_font_size_last_edited=&#8221;on|phone&#8221; text_text_shadow_style=&#8221;preset1&#8243; global_colors_info=&#8221;{}&#8221;]<\/p>\n<p>Committees<\/p>\n<p>[\/et_pb_text][\/et_pb_column][\/et_pb_row][\/et_pb_section][et_pb_section fb_built=&#8221;1&#8243; _builder_version=&#8221;4.16&#8243; global_colors_info=&#8221;{}&#8221;][et_pb_row column_structure=&#8221;3_4,1_4&#8243; _builder_version=&#8221;4.16&#8243; global_colors_info=&#8221;{}&#8221;][et_pb_column type=&#8221;3_4&#8243; _builder_version=&#8221;4.16&#8243; global_colors_info=&#8221;{}&#8221;][et_pb_text _builder_version=&#8221;4.17.3&#8243; hover_enabled=&#8221;0&#8243; global_colors_info=&#8221;{}&#8221; sticky_enabled=&#8221;0&#8243;]<\/p>\n<h1><strong>Organizing Committee<\/strong><\/h1>\n<p>Elia Saneleuterio (Universitat de Val\u00e8ncia), president<br \/>\nBego\u00f1a G\u00f3mez Dev\u00eds (Universitat de Val\u00e8ncia), academic secretary<br \/>\nMar\u00eda Alcantud D\u00edaz (Universitat de Val\u00e8ncia)<br \/>\nMar\u00eda Botella (Universitat de Val\u00e8ncia)<br \/>\nAndrea Burgos (Universitat de Val\u00e8ncia)<br \/>\nJuan Carlos Casa\u00f1 N\u00fa\u00f1ez (Universitat de Val\u00e8ncia)<br \/>\nYolanda Echegoyen (Universitat de Val\u00e8ncia)<br \/>\nRafael Fern\u00e1ndez Maximiano (Universitat de Val\u00e8ncia)<br \/>\nRoc\u00edo L\u00f3pez Garc\u00eda-Torres (Universidad CEU Cardenal Herrera)<br \/>\nVicent Gimeno (Universidad Cat\u00f3lica de Valencia \u201cSan Vicente M\u00e1rtir\u201d)<br \/>\nAntonio Mart\u00edn Ezpeleta (Universitat de Val\u00e8ncia)<br \/>\nCatalina Millan Scheiding (Berklee College of Music)<br \/>\nXavier M\u00ednguez-L\u00f3pez (Universitat de Val\u00e8ncia)<br \/>\nRosa Pardo (Universitat de Val\u00e8ncia)<br \/>\nMatilde Portal\u00e9s (Universitat de Val\u00e8ncia)<br \/>\nAmparo Rodrigo-Mateu (Universitat de Val\u00e8ncia &#8211; University of Dhaka [Bangladesh])<br \/>\nLuz C. Souto (Universitat de Val\u00e8ncia)<br \/>\nCrist\u00f3bal Nico Su\u00e1rez-Guerrero (Universitat de Val\u00e8ncia)<br \/>\nSanti Tena (Universidad Cat\u00f3lica de Valencia \u201cSan Vicente M\u00e1rtir\u201d)<br \/>\nManuel Valero G\u00f3mez (International Valencian University)<\/p>\n<p><em>Administrative Secretariat<\/em><\/p>\n<p>Diego Alarc\u00f3n (Universitat de Val\u00e8ncia)<br \/>\nAmparo Alfaro (Universitat de Val\u00e8ncia)<br \/>\nJuli\u00e1n Tello (Universitat de Val\u00e8ncia)<\/p>\n<p>Webmaster<\/p>\n<p><a href=\"https:\/\/olgaminguez.es\/\">Olga M\u00ednguez L\u00f3pez<\/a>[\/et_pb_text][\/et_pb_column][et_pb_column type=&#8221;1_4&#8243; _builder_version=&#8221;4.16&#8243; global_colors_info=&#8221;{}&#8221;][\/et_pb_column][\/et_pb_row][et_pb_row column_structure=&#8221;1_3,2_3&#8243; _builder_version=&#8221;4.16&#8243; global_colors_info=&#8221;{}&#8221;][et_pb_column type=&#8221;1_3&#8243; _builder_version=&#8221;4.16&#8243; global_colors_info=&#8221;{}&#8221;][\/et_pb_column][et_pb_column type=&#8221;2_3&#8243; _builder_version=&#8221;4.16&#8243; global_colors_info=&#8221;{}&#8221;][et_pb_text _builder_version=&#8221;4.16&#8243; width=&#8221;97.4%&#8221; global_colors_info=&#8221;{}&#8221;]<\/p>\n<h1><strong>Scientific Committee<\/strong><\/h1>\n<p>Samuel Amago (University of Virginia [USA])<br \/>Concepci\u00f3n Bados (Universidad Aut\u00f3noma de Madrid [Spain])<br \/>Emilie Bergmann (University of California, Berkeley [USA])<br \/>Catherine Butler (Cardiff University [UK])<br \/>Wladimir Ch\u00e1vez (\u00d8stfold University College [Norway])<br \/>Elena Delgadova (Tren\u010dianska Univerzita Alexandra Dub\u010deka v Tren\u010d\u00edne [Slovakia])<br \/>Jes\u00fas D\u00edaz Armas (Universidad de La Laguna [Spain])<br \/>Oswaldo Estrada (University of North Carolina, Chapel Hill [USA])<br \/>Teresa Fern\u00e1ndez Ulloa (California State University, Bakersfield [USA])<br \/>Xavier Fr\u00edas Conde (Universidad Nacional de Educaci\u00f3n a Distancia [Spain])<br \/>Macarena Garc\u00eda (Universidad Cat\u00f3lica de Chile [Chile])<br \/>Iker Gonz\u00e1lez-Allende (University of Nebraska-Lincoln [USA]<br \/>Zo\u00e9 Jim\u00e9nez Corretjer (Universidad de Puerto Rico en Humacao [Puerto Rico])<br \/>Kit Kelen (University of Macau [China])<br \/>Weronika Kostecka (Uniwersytet Warszawski [Poland])<br \/>Elena Lahr-Vivaz (Rutgers University-Newark [USA]<br \/>Rebeca Cristina L\u00f3pez Gonz\u00e1lez (Universidade de Vigo [Spain])<br \/>Amando L\u00f3pez Valero (Universidad de Murcia [Spain])<br \/>Trinidad Mar\u00edn Villora (Uniwersytet Wroc\u0142awski [Poland])<br \/>Jan Mennell (Queen\u2019s Universtiy, Kingston, Ontario [Canada])<br \/>Br\u00edgida M. Pastor Pastor (Swansea University [UK])<br \/>Ana Mar\u00eda P\u00e9rez-Guerrero (Universidad de La Sabana [Colombia])<br \/>Eva Paris-Huesca (Ohio Wesleyan University [USA])<br \/>Genoveva Ponce Naranjo (Universidad Nacional de Chimborazo [Ecuador])<br \/>Sere Previto (Washington State University [USA])<br \/>Bego\u00f1a Regueiro (Universidad Complutense de Madrid [Spain])<br \/>Jos\u00e9 Vicente Salido L\u00f3pez (Universidad de Castilla-La Mancha [Spain])<br \/>Elia Saneleuterio,\u00a0director of the conference, President of Organizing and Scientific Committees (Universitat de Val\u00e8ncia [Spain])<br \/>Mois\u00e9s Selfa Sastre (Universitat de Lleida [Spain])<br \/>Alexander Selimov (University of Delaware [USA])<br \/>Bj\u00f6rn Sundmark (Malm\u00f6 University [Sweden])<br \/>George Thomas (University of Northern Colorado [USA])<br \/>Emmanuel Le Vagueresse (Universit\u00e9 de Reims Champagne-Ardenne [France])<br \/>Vinodh Venkatesh (Virginia Tech University [USA])<br \/>Juan de Dios Villanueva Roa (Universidad de Granada [Spain])<br \/>Carole Vi\u00f1als (Universit\u00e9 Charles de Gaulle Lille III [France])<\/p>\n<p>[\/et_pb_text][\/et_pb_column][\/et_pb_row][\/et_pb_section]<\/p>\n","protected":false},"excerpt":{"rendered":"<p>CommitteesOrganizing Committee Elia Saneleuterio (Universitat de Val\u00e8ncia), president Bego\u00f1a G\u00f3mez Dev\u00eds (Universitat de Val\u00e8ncia), academic secretary Mar\u00eda Alcantud D\u00edaz (Universitat de Val\u00e8ncia) Mar\u00eda Botella (Universitat de Val\u00e8ncia) Andrea Burgos (Universitat de Val\u00e8ncia) Juan Carlos Casa\u00f1 N\u00fa\u00f1ez (Universitat de Val\u00e8ncia) Yolanda Echegoyen (Universitat de Val\u00e8ncia) Rafael Fern\u00e1ndez Maximiano (Universitat de Val\u00e8ncia) Roc\u00edo L\u00f3pez Garc\u00eda-Torres (Universidad CEU [&hellip;]<\/p>\n","protected":false},"author":1,"featured_media":0,"parent":0,"menu_order":0,"comment_status":"closed","ping_status":"closed","template":"","meta":{"_et_pb_use_builder":"on","_et_pb_old_content":"","_et_gb_content_width":"","footnotes":""},"class_list":["post-1058","page","type-page","status-publish","hentry"],"_links":{"self":[{"href":"https:\/\/ciceli.es\/en\/wp-json\/wp\/v2\/pages\/1058","targetHints":{"allow":["GET"]}}],"collection":[{"href":"https:\/\/ciceli.es\/en\/wp-json\/wp\/v2\/pages"}],"about":[{"href":"https:\/\/ciceli.es\/en\/wp-json\/wp\/v2\/types\/page"}],"author":[{"embeddable":true,"href":"https:\/\/ciceli.es\/en\/wp-json\/wp\/v2\/users\/1"}],"replies":[{"embeddable":true,"href":"https:\/\/ciceli.es\/en\/wp-json\/wp\/v2\/comments?post=1058"}],"version-history":[{"count":8,"href":"https:\/\/ciceli.es\/en\/wp-json\/wp\/v2\/pages\/1058\/revisions"}],"predecessor-version":[{"id":1263,"href":"https:\/\/ciceli.es\/en\/wp-json\/wp\/v2\/pages\/1058\/revisions\/1263"}],"wp:attachment":[{"href":"https:\/\/ciceli.es\/en\/wp-json\/wp\/v2\/media?parent=1058"}],"curies":[{"name":"wp","href":"https:\/\/api.w.org\/{rel}","templated":true}]}}