{"id":1221,"date":"2022-05-10T18:29:51","date_gmt":"2022-05-10T17:29:51","guid":{"rendered":"https:\/\/ciceli.es\/en\/?page_id=1221"},"modified":"2023-10-18T20:55:59","modified_gmt":"2023-10-18T19:55:59","slug":"iii_ciceli-program-2","status":"publish","type":"page","link":"https:\/\/ciceli.es\/en\/iii_ciceli-program-2\/","title":{"rendered":"III CICELI &#8211; Program"},"content":{"rendered":"<p>[et_pb_section fb_built=&#8221;1&#8243; prev_background_color=&#8221;#ffffff&#8221; _builder_version=&#8221;4.16&#8243; background_color=&#8221;#FAB74F&#8221; background_enable_image=&#8221;off&#8221; background_blend=&#8221;darken&#8221; height=&#8221;200px&#8221; custom_margin=&#8221;||||false|false&#8221; top_divider_style=&#8221;arrow3&#8243; bottom_divider_style=&#8221;mountains&#8221; bottom_divider_color=&#8221;#ffffff&#8221; bottom_divider_height=&#8221;29px&#8221; global_colors_info=&#8221;{}&#8221;][et_pb_row _builder_version=&#8221;4.16&#8243; custom_padding=&#8221;0px|||||&#8221; global_colors_info=&#8221;{}&#8221;][et_pb_column type=&#8221;4_4&#8243; _builder_version=&#8221;4.16&#8243; global_colors_info=&#8221;{}&#8221;][et_pb_text _builder_version=&#8221;4.17.3&#8243; text_font=&#8221;Annie Use Your Telescope|700|||||||&#8221; text_text_color=&#8221;#ffffff&#8221; text_font_size=&#8221;55px&#8221; text_letter_spacing=&#8221;2px&#8221; text_line_height=&#8221;1.9em&#8221; text_orientation=&#8221;center&#8221; custom_margin=&#8221;||-24px|||&#8221; custom_padding=&#8221;0px|||||&#8221; text_font_size_tablet=&#8221;50px&#8221; text_font_size_phone=&#8221;46px&#8221; text_font_size_last_edited=&#8221;on|phone&#8221; text_text_shadow_style=&#8221;preset1&#8243; global_colors_info=&#8221;{}&#8221;]<\/p>\n<p>Program<\/p>\n<p>[\/et_pb_text][\/et_pb_column][\/et_pb_row][\/et_pb_section][et_pb_section fb_built=&#8221;1&#8243; _builder_version=&#8221;4.16&#8243; global_colors_info=&#8221;{}&#8221;][et_pb_row _builder_version=&#8221;4.16&#8243; global_colors_info=&#8221;{}&#8221;][et_pb_column type=&#8221;4_4&#8243; _builder_version=&#8221;4.16&#8243; global_colors_info=&#8221;{}&#8221;][et_pb_text disabled_on=&#8221;off|off|off&#8221; _builder_version=&#8221;4.17.4&#8243; text_font_size=&#8221;16px&#8221; global_colors_info=&#8221;{}&#8221;]<\/p>\n<p style=\"text-align: right;\"><a href=\"https:\/\/ciceli.es\/en\/wp-content\/uploads\/2022\/07\/Programa_2022.pdf\">Program PDF<\/a><\/p>\n<p style=\"text-align: right;\"><a href=\"https:\/\/ciceli.es\/en\/wp-content\/uploads\/2022\/07\/LibroResumenesIIICICELI.pdf\">Abstract book<\/a><\/p>\n<p>[\/et_pb_text][et_pb_tabs _builder_version=&#8221;4.17.4&#8243; global_colors_info=&#8221;{}&#8221;][et_pb_tab title=&#8221;Thursday, July 14th&#8221; _builder_version=&#8221;4.17.4&#8243; global_colors_info=&#8221;{}&#8221;]<\/p>\n<h4><span style=\"color: #99cc00;\"><strong>Thursday, July 14<sup>th<\/sup> 2022<\/strong><\/span><\/h4>\n<p>&nbsp;<\/p>\n<p>8.30 Participant\u2019s registration <span style=\"color: #999999;\">[Hall Facultat de Magisteri]<\/span><\/p>\n<p>9.00<strong> III CICELI Inauguration<\/strong><span style=\"color: #999999;\"> [room PB.04 (ground floor)]<\/span><br \/>Institutional welcome<\/p>\n<p>09.30\u00a0<strong>Inaugural Keynote speaker<\/strong> <span style=\"color: #999999;\">[room PB.04 (ground floor)]<\/span><br \/>Presented by: Elia Saneleuterio Temporal, director of the conference<br \/><a href=\"https:\/\/www.ciceli.es\/vilma-navarro-daniels\/\"><strong>Vilma Navarro-Daniels<\/strong>\u00a0<\/a>(Washington State University, USA): \u201cHistorias de mujeres filmadas por mujeres: una experiencia did\u00e1ctica a trav\u00e9s de diez cineastas latinoamericanas del siglo XXI\u201d<\/p>\n<p>10.30\u00a0<em>Coffee break<\/em><\/p>\n<p>Opening of the exhibit \u201c<em>Let\u2019s say sea<\/em>\u201d, de <a href=\"https:\/\/www.ciceli.es\/elena-marti\/\"><strong>Elena Mart\u00ed<\/strong> <\/a>\/ <span style=\"color: #999999;\"><em>[hall <\/em>Facultat de Magisteri]<\/span><br \/>Presented by: Matilde Portal\u00e9s, curator of the exhibition<\/p>\n<p>11.00 <strong>Parallel presentations<\/strong> \/ session 1.1<\/p>\n<p>12.30 <strong>Parallel presentations<\/strong> \/ session 1.2<\/p>\n<p>14.15 Lunch <span style=\"color: #999999;\"><em> [Campus restaurant]<\/em><\/span><\/p>\n<p>15.30 <strong>Parallel presentations<\/strong> \/ session 1.3<\/p>\n<p>17.00\u00a0Snack: Valencian horchata<\/p>\n<p>17.30 <strong>Invited CreadorA <\/strong>\u00a0 <span style=\"color: #999999;\">[room PB.04 (ground floor)]<\/span><\/p>\n<p>Presented by: Dani Ambrona, Universitat de Val\u00e8ncia<br \/><a href=\"https:\/\/www.ciceli.es\/puy-navarro\/\"><strong>Puy Navarro<\/strong>:<\/a> \u201cLiterature and resistance\u201d<\/p>\n<p>18:30 <strong>Parallel presentations<\/strong> \/ session 1.4<\/p>\n<p>20.00 \u00a0Welcome reception\u00a0 <span style=\"color: #999999;\">[Colegio Mayor Rector Peset<\/span> (<a href=\"https:\/\/g.page\/CMRectorPeset?share\">How to get there<\/a>)]<\/p>\n<p><strong>Mesa de creadorAS<\/strong> \/ Recital organised by the Valencian Association of Writers and Literary Critics<br \/>Presented by: Juan Luis Bedins<\/p>\n<p>Open microphone and vin d&#8217;honneur<\/p>\n<p>21.30\u00a0Night tour through the city centre<\/p>\n<p>&nbsp;<\/p>\n<p>[\/et_pb_tab][et_pb_tab title=&#8221;Friday, 15th July &#8221; _builder_version=&#8221;4.17.4&#8243; global_colors_info=&#8221;{}&#8221;]<\/p>\n<h4><span style=\"color: #99cc00;\"><strong>Friday, 15<sup>th<\/sup> July 2022<\/strong><\/span><\/h4>\n<p>&nbsp;<\/p>\n<div class=\"nom\">\n<p>8.30 Participant\u2019s registration <span style=\"color: #999999;\">[<em>hall\u00a0<\/em>Facultat de Magisteri]<\/span><\/p>\n<p>Room of academic and creative book promotion <span style=\"color: #999999;\">[room EP.01 (mezzanine)]<\/span><\/p>\n<p>9:00 <strong>Parallel presentations<\/strong> \/ session 2.1<\/p>\n<p>10.30\u00a0<em>Coffee break<\/em><\/p>\n<p>11:00\u00a0<strong>Plenary session\u00a0<\/strong> <span style=\"color: #999999;\">[room PB.04 (ground floor)]<\/span><br \/>Presented by: M.\u00aa Bego\u00f1a G\u00f3mez Dev\u00eds, Universitat de Val\u00e8ncia<br \/><a href=\"https:\/\/www.ciceli.es\/jesus_moya\/\"><strong>Arsenio Jes\u00fas Moya Guijarro<\/strong><\/a>\u00a0(Universidad de Castilla-La Mancha, Espa\u00f1a): \u201cAn\u00e1lisis multimodal de libros \u00e1lbum que rompen estereotipos de g\u00e9nero y de familia\u201d<\/p>\n<p>12.00 <strong>Parallel presentations<\/strong> \/ session 2.2<\/p>\n<p>13.30 <strong>Parallel presentations<\/strong> \/ session 2.3<\/p>\n<p>14.30 Lunch <span style=\"color: #999999;\">[Campus restaurant]<\/span><\/p>\n<p>16.00 <strong>Parallel presentations<\/strong> \/ session 2.4<\/p>\n<p>17.30\u00a0Snack<\/p>\n<p>Poster session and virtual presentations <span style=\"color: #999999;\">[room EP.01 (mezzanine)]<\/span><\/p>\n<p>18.00 <strong>Presentations <\/strong> \/ session 2.5<\/p>\n<p>18.30\u00a0<strong>Theatrical performance <\/strong><span style=\"color: #999999;\">[Room Matilde Salvador, La Nau (c\/ Universitat, 2)](<a href=\"https:\/\/goo.gl\/maps\/EWVngkgxSjEAUWw7A\" target=\"_blank\" rel=\"noopener\">How to get there<\/a>)<\/span><br \/><em>S\u00e1tiras feministas<\/em>, de <strong>Stella Manaut<\/strong><\/p>\n<p>21.30 Gala dinner\u00a0 <span style=\"color: #999999;\">[Ateneo Mercantil de Valencia (Pza. Ayuntamiento)](<a href=\"https:\/\/goo.gl\/maps\/3kyR2zwgU3aUDxhRA\" target=\"_blank\" rel=\"noopener\">How to get there<\/a>)<br \/><\/span><\/p>\n<\/div>\n<p>[\/et_pb_tab][et_pb_tab title=&#8221;Saturday, 16th July&#8221; _builder_version=&#8221;4.17.4&#8243; global_colors_info=&#8221;{}&#8221;]<\/p>\n<h4><span style=\"color: #99cc00;\"><strong>Saturday, 16<sup>th<\/sup> July 2022 <\/strong><\/span><\/h4>\n<p>&nbsp;<\/p>\n<p>9.00 Presentations \/ session 3.1<\/p>\n<p>10.00 City of Arts and Sciences tour (<a href=\"https:\/\/goo.gl\/maps\/SyEwiFtTu73hK9UWA\" target=\"_blank\" rel=\"noopener\">How to get there<\/a>)<\/p>\n<p>10.30 Presentations \/ session 3.2<\/p>\n<p>11.00\u00a0Departure to Vall d\u2019Uix\u00f3<\/p>\n<p>12.00\u00a0Visit to Coves de Sant Josep (Vall d\u2019Uix\u00f3)<\/p>\n<p>13.30\u00a0Trip back to Valencia<\/p>\n<p>14.00 Lunch [<span style=\"color: #999999;\">Lotelito (Valencia)]<\/span><\/p>\n<p>15.00 <strong>Presentations <\/strong> \/ session3.2<\/p>\n<p>16.00 <strong>Closing Plenary Address<\/strong> [<span style=\"color: #999999;\">Lotelito (Valencia)]<\/span><\/p>\n<p>Presented by: Xavier M\u00ednguez, Universitat de Val\u00e8ncia<br \/><a href=\"https:\/\/www.ciceli.es\/laura-marta-guerrero\/\"><strong>Laura Guerrero Guadarrama<\/strong><\/a>\u00a0(Universidad Iberoamericana Ciudad de M\u00e9xico): \u201cNostalgias en la fantas\u00eda del siglo XXI escrita por mujeres, de J. K. Rowling y Ana Mar\u00eda Matute a las nuevas voces de Iberoam\u00e9rica\u201d<\/p>\n<p>17.00\u00a0<strong>Conclusion and III CICELI closure<\/strong><\/p>\n<p>[\/et_pb_tab][\/et_pb_tabs][\/et_pb_column][\/et_pb_row][\/et_pb_section][et_pb_section fb_built=&#8221;1&#8243; _builder_version=&#8221;4.16&#8243; global_colors_info=&#8221;{}&#8221;][et_pb_row _builder_version=&#8221;4.17.3&#8243; global_colors_info=&#8221;{}&#8221;][et_pb_column type=&#8221;4_4&#8243; _builder_version=&#8221;4.16&#8243; global_colors_info=&#8221;{}&#8221;][\/et_pb_column][\/et_pb_row][\/et_pb_section]<\/p>\n","protected":false},"excerpt":{"rendered":"<p>ProgramProgram PDF Abstract bookThursday, July 14th 2022 &nbsp; 8.30 Participant\u2019s registration [Hall Facultat de Magisteri] 9.00 III CICELI Inauguration [room PB.04 (ground floor)]Institutional welcome 09.30\u00a0Inaugural Keynote speaker [room PB.04 (ground floor)]Presented by: Elia Saneleuterio Temporal, director of the conferenceVilma Navarro-Daniels\u00a0(Washington State University, USA): \u201cHistorias de mujeres filmadas por mujeres: una experiencia did\u00e1ctica a trav\u00e9s de [&hellip;]<\/p>\n","protected":false},"author":1,"featured_media":0,"parent":0,"menu_order":0,"comment_status":"closed","ping_status":"closed","template":"","meta":{"_et_pb_use_builder":"on","_et_pb_old_content":"","_et_gb_content_width":"","footnotes":""},"class_list":["post-1221","page","type-page","status-publish","hentry"],"_links":{"self":[{"href":"https:\/\/ciceli.es\/en\/wp-json\/wp\/v2\/pages\/1221","targetHints":{"allow":["GET"]}}],"collection":[{"href":"https:\/\/ciceli.es\/en\/wp-json\/wp\/v2\/pages"}],"about":[{"href":"https:\/\/ciceli.es\/en\/wp-json\/wp\/v2\/types\/page"}],"author":[{"embeddable":true,"href":"https:\/\/ciceli.es\/en\/wp-json\/wp\/v2\/users\/1"}],"replies":[{"embeddable":true,"href":"https:\/\/ciceli.es\/en\/wp-json\/wp\/v2\/comments?post=1221"}],"version-history":[{"count":15,"href":"https:\/\/ciceli.es\/en\/wp-json\/wp\/v2\/pages\/1221\/revisions"}],"predecessor-version":[{"id":1282,"href":"https:\/\/ciceli.es\/en\/wp-json\/wp\/v2\/pages\/1221\/revisions\/1282"}],"wp:attachment":[{"href":"https:\/\/ciceli.es\/en\/wp-json\/wp\/v2\/media?parent=1221"}],"curies":[{"name":"wp","href":"https:\/\/api.w.org\/{rel}","templated":true}]}}