{"id":1303,"date":"2023-10-18T21:42:07","date_gmt":"2023-10-18T20:42:07","guid":{"rendered":"https:\/\/ciceli.es\/en\/?page_id=1303"},"modified":"2025-01-24T11:45:26","modified_gmt":"2025-01-24T10:45:26","slug":"iv_ciceli-committees","status":"publish","type":"page","link":"https:\/\/ciceli.es\/en\/iv_ciceli-committees\/","title":{"rendered":"IV CICELI &#8211; Committees"},"content":{"rendered":"<p>[et_pb_section fb_built=&#8221;1&#8243; prev_background_color=&#8221;#ffffff&#8221; _builder_version=&#8221;4.16&#8243; background_color=&#8221;#2893D2&#8243; background_enable_image=&#8221;off&#8221; background_blend=&#8221;darken&#8221; height=&#8221;200px&#8221; custom_margin=&#8221;||||false|false&#8221; top_divider_style=&#8221;arrow3&#8243; bottom_divider_style=&#8221;curve&#8221; bottom_divider_color=&#8221;#ffffff&#8221; bottom_divider_height=&#8221;29px&#8221; global_colors_info=&#8221;{}&#8221;][et_pb_row _builder_version=&#8221;4.16&#8243; custom_padding=&#8221;0px|||||&#8221; global_colors_info=&#8221;{}&#8221;][et_pb_column type=&#8221;4_4&#8243; _builder_version=&#8221;4.16&#8243; global_colors_info=&#8221;{}&#8221;][et_pb_text _builder_version=&#8221;4.17.4&#8243; text_font=&#8221;Annie Use Your Telescope|700|||||||&#8221; text_text_color=&#8221;#ffffff&#8221; text_font_size=&#8221;55px&#8221; text_letter_spacing=&#8221;2px&#8221; text_line_height=&#8221;1.9em&#8221; text_orientation=&#8221;center&#8221; custom_margin=&#8221;||-24px|||&#8221; custom_padding=&#8221;0px|||||&#8221; text_font_size_tablet=&#8221;50px&#8221; text_font_size_phone=&#8221;46px&#8221; text_font_size_last_edited=&#8221;on|phone&#8221; text_text_shadow_style=&#8221;preset1&#8243; global_colors_info=&#8221;{}&#8221;]<\/p>\n<p>Committees<\/p>\n<p>[\/et_pb_text][\/et_pb_column][\/et_pb_row][\/et_pb_section][et_pb_section fb_built=&#8221;1&#8243; _builder_version=&#8221;4.16&#8243; global_colors_info=&#8221;{}&#8221;][et_pb_row column_structure=&#8221;3_4,1_4&#8243; _builder_version=&#8221;4.16&#8243; global_colors_info=&#8221;{}&#8221;][et_pb_column type=&#8221;3_4&#8243; _builder_version=&#8221;4.16&#8243; global_colors_info=&#8221;{}&#8221;][et_pb_text _builder_version=&#8221;4.17.4&#8243; global_colors_info=&#8221;{}&#8221;]<\/p>\n<h1><strong>Organizing Committee<\/strong><\/h1>\n<p>Helena Establier P\u00e9rez (Universidad de Alicante), Director of the conference.<br \/>\nLaura Palomo Alepuz (Universidad de Alicante), Academic Secretary of the conference.<br \/>\nElia Saneleuterio (Universidad de Valencia).<br \/>\nJos\u00e9 Mar\u00eda Ferri Coll (Universidad de Alicante).<br \/>\nJoaqu\u00edn Juan Penalva (Universidad Miguel Hern\u00e1ndez).<br \/>\nDavide Mombelli (Universidad de Alicante).<br \/>\nBenito El\u00edas Garc\u00eda Valero (Universidad de Alicante).<br \/>\nFerr\u00e1n Riesgo Mart\u00ednez (Universidad de Alicante).<br \/>\nRaquel Rocamora Montenegro (Universidad de Alicante).<br \/>\nLaura Aisa C\u00e1novas (Universidad de Alicante).<br \/>\nAlejandro L\u00f3pez Verd\u00fa (Universidad de Alicante).<br \/>\nCelia Garc\u00eda Dav\u00f3 (Universidad de Alicante).<br \/>\nEsther Soro Cuesta (Universidad de Alicante).<br \/>\nNieves Ruiz P\u00e9rez (Universidad de Alicante).<\/p>\n<p><em>Administrative Secretariat<\/em><\/p>\n<p>University Research Institute for Gender Studies (Universidad de Alicante)<\/p>\n<p><em>Webmaster<\/em><br \/>\nOlga M\u00ednguez L\u00f3pez[\/et_pb_text][\/et_pb_column][et_pb_column type=&#8221;1_4&#8243; _builder_version=&#8221;4.16&#8243; global_colors_info=&#8221;{}&#8221;][\/et_pb_column][\/et_pb_row][et_pb_row column_structure=&#8221;1_3,2_3&#8243; _builder_version=&#8221;4.16&#8243; global_colors_info=&#8221;{}&#8221;][et_pb_column type=&#8221;1_3&#8243; _builder_version=&#8221;4.16&#8243; global_colors_info=&#8221;{}&#8221;][\/et_pb_column][et_pb_column type=&#8221;2_3&#8243; _builder_version=&#8221;4.16&#8243; global_colors_info=&#8221;{}&#8221;][et_pb_text _builder_version=&#8221;4.26.0&#8243; width=&#8221;97.4%&#8221; hover_enabled=&#8221;0&#8243; global_colors_info=&#8221;{}&#8221; sticky_enabled=&#8221;0&#8243;]<\/p>\n<h1><strong>Scientific Committee<\/strong><\/h1>\n<p>Eva Mar\u00eda \u00c1lvarez Ramos (Universidad de Valladolid, Espa\u00f1a).<br \/>\nSamuel Amago (University of Virginia, EEUU).<br \/>\nChristine Arkinstall (The University of Auckland, Nueva Zelanda).<br \/>\nCarmen Alemany Bay (Universidad de Alicante, Espa\u00f1a).<br \/>\nRosa Belda Molina (IES Biar, grupo PoGEsp)<br \/>\nMarina Bianchi (Universidad degli Studi di Bergamo, Italia).<br \/>\nAnna Cacciola (Universidad de Murcia, Espa\u00f1a).<br \/>\nAntonio Cazorla (Universidad de Almer\u00eda, Espa\u00f1a).<br \/>\nWladimir Ch\u00e1vez (\u00d8stfold University College, Noruega).<br \/>\nOswaldo Estrada (University of North Carolina, Chapel Hill, EEUU)<br \/>\nIker Gonz\u00e1lez-Allende (University of Nebraska-Lincoln, EEUU)<br \/>\nRaquel Lanseros (Universidad de Zaragoza, Espa\u00f1a)-<br \/>\nMelissa Lecointre (Universit\u00e9 Sorbonne Nouvelle-Paris 3, Francia)<br \/>\nMar\u00eda Isabel L\u00f3pez Mart\u00ednez (Universidad de Extremadura, Espa\u00f1a)<br \/>\nIsabel Navas Oca\u00f1a (Universidad de Almer\u00eda, Espa\u00f1a)<br \/>\n\u00c1ngel Luis Prieto de Paula (Universidad de Alicante, Espa\u00f1a)<br \/>\nJuan Antonio R\u00edos Carratal\u00e1 (Universidad de Alicante, Espa\u00f1a)<br \/>\nMarcela Romano (Universidad Nacional de Mar del Plata, Argentina)<br \/>\nAlexander Selimov (University of Delaware, EEUU)<br \/>\nBj\u00f6rn Sundmark (Malm\u00f6 University, Suecia)<br \/>\nGeorge Thomas (University of Northern Colorado, EEUU)<br \/>\nSharon Keefe Ugalde (Texas State University, EEUU).[\/et_pb_text][\/et_pb_column][\/et_pb_row][\/et_pb_section]<\/p>\n","protected":false},"excerpt":{"rendered":"<p>CommitteesOrganizing Committee Helena Establier P\u00e9rez (Universidad de Alicante), Director of the conference. Laura Palomo Alepuz (Universidad de Alicante), Academic Secretary of the conference. Elia Saneleuterio (Universidad de Valencia). Jos\u00e9 Mar\u00eda Ferri Coll (Universidad de Alicante). Joaqu\u00edn Juan Penalva (Universidad Miguel Hern\u00e1ndez). Davide Mombelli (Universidad de Alicante). Benito El\u00edas Garc\u00eda Valero (Universidad de Alicante). Ferr\u00e1n Riesgo [&hellip;]<\/p>\n","protected":false},"author":1,"featured_media":0,"parent":0,"menu_order":0,"comment_status":"closed","ping_status":"closed","template":"","meta":{"_et_pb_use_builder":"on","_et_pb_old_content":"","_et_gb_content_width":"","footnotes":""},"class_list":["post-1303","page","type-page","status-publish","hentry"],"_links":{"self":[{"href":"https:\/\/ciceli.es\/en\/wp-json\/wp\/v2\/pages\/1303","targetHints":{"allow":["GET"]}}],"collection":[{"href":"https:\/\/ciceli.es\/en\/wp-json\/wp\/v2\/pages"}],"about":[{"href":"https:\/\/ciceli.es\/en\/wp-json\/wp\/v2\/types\/page"}],"author":[{"embeddable":true,"href":"https:\/\/ciceli.es\/en\/wp-json\/wp\/v2\/users\/1"}],"replies":[{"embeddable":true,"href":"https:\/\/ciceli.es\/en\/wp-json\/wp\/v2\/comments?post=1303"}],"version-history":[{"count":6,"href":"https:\/\/ciceli.es\/en\/wp-json\/wp\/v2\/pages\/1303\/revisions"}],"predecessor-version":[{"id":2822,"href":"https:\/\/ciceli.es\/en\/wp-json\/wp\/v2\/pages\/1303\/revisions\/2822"}],"wp:attachment":[{"href":"https:\/\/ciceli.es\/en\/wp-json\/wp\/v2\/media?parent=1303"}],"curies":[{"name":"wp","href":"https:\/\/api.w.org\/{rel}","templated":true}]}}