{"id":1322,"date":"2023-10-19T16:30:48","date_gmt":"2023-10-19T15:30:48","guid":{"rendered":"https:\/\/ciceli.es\/en\/?page_id=1322"},"modified":"2024-07-02T00:24:22","modified_gmt":"2024-07-01T23:24:22","slug":"iv-ciceli-registration","status":"publish","type":"page","link":"https:\/\/ciceli.es\/en\/iv-ciceli-registration\/","title":{"rendered":"IV CICELI &#8211; Registration"},"content":{"rendered":"<p>[et_pb_section fb_built=&#8221;1&#8243; prev_background_color=&#8221;#ffffff&#8221; _builder_version=&#8221;4.16&#8243; background_color=&#8221;#FAB74F&#8221; background_enable_image=&#8221;off&#8221; background_blend=&#8221;darken&#8221; height=&#8221;200px&#8221; custom_margin=&#8221;||||false|false&#8221; top_divider_style=&#8221;arrow3&#8243; bottom_divider_style=&#8221;curve2&#8243; bottom_divider_color=&#8221;#ffffff&#8221; bottom_divider_height=&#8221;29px&#8221; global_colors_info=&#8221;{}&#8221;][et_pb_row _builder_version=&#8221;4.16&#8243; custom_padding=&#8221;0px|||||&#8221; global_colors_info=&#8221;{}&#8221;][et_pb_column type=&#8221;4_4&#8243; _builder_version=&#8221;4.16&#8243; global_colors_info=&#8221;{}&#8221;][et_pb_text _builder_version=&#8221;4.17.4&#8243; text_font=&#8221;Annie Use Your Telescope|700|||||||&#8221; text_text_color=&#8221;#ffffff&#8221; text_font_size=&#8221;55px&#8221; text_letter_spacing=&#8221;2px&#8221; text_line_height=&#8221;1.9em&#8221; text_orientation=&#8221;center&#8221; custom_margin=&#8221;||-24px|||&#8221; custom_padding=&#8221;0px|||||&#8221; text_font_size_tablet=&#8221;50px&#8221; text_font_size_phone=&#8221;46px&#8221; text_font_size_last_edited=&#8221;on|phone&#8221; text_text_shadow_style=&#8221;preset1&#8243; global_colors_info=&#8221;{}&#8221;]<\/p>\n<p>Registration<\/p>\n<p>[\/et_pb_text][\/et_pb_column][\/et_pb_row][\/et_pb_section][et_pb_section fb_built=&#8221;1&#8243; admin_label=&#8221;section&#8221; _builder_version=&#8221;4.23.4&#8243; custom_margin=&#8221;||-70px||false|false&#8221; global_colors_info=&#8221;{}&#8221;][et_pb_row _builder_version=&#8221;4.16&#8243; custom_margin=&#8221;||||false|false&#8221; global_colors_info=&#8221;{}&#8221;][et_pb_column type=&#8221;4_4&#8243; _builder_version=&#8221;4.16&#8243; global_colors_info=&#8221;{}&#8221;][et_pb_text _builder_version=&#8221;4.16&#8243; text_font=&#8221;Montserrat||||||||&#8221; text_text_color=&#8221;#f8a912&#8243; text_font_size=&#8221;18px&#8221; global_colors_info=&#8221;{}&#8221;]<\/p>\n<p><strong>Procedure<\/strong><\/p>\n<p>[\/et_pb_text][et_pb_text _builder_version=&#8221;4.23.4&#8243; global_colors_info=&#8221;{}&#8221;]<\/p>\n<p>Both speakers and non-presenting participants must register for the conference before the indicated dates in two simple steps:<\/p>\n<p>[\/et_pb_text][\/et_pb_column][\/et_pb_row][et_pb_row column_structure=&#8221;1_2,1_2&#8243; _builder_version=&#8221;4.16&#8243; global_colors_info=&#8221;{}&#8221;][et_pb_column type=&#8221;1_2&#8243; _builder_version=&#8221;4.16&#8243; global_colors_info=&#8221;{}&#8221;][et_pb_blurb use_icon=&#8221;on&#8221; font_icon=&#8221;&#xe0e7;||divi||400&#8243; _builder_version=&#8221;4.16&#8243; global_colors_info=&#8221;{}&#8221;][\/et_pb_blurb][et_pb_text _builder_version=&#8221;4.23.4&#8243; text_font=&#8221;||||||||&#8221; text_text_color=&#8221;#000000&#8243; background_enable_color=&#8221;off&#8221; text_orientation=&#8221;justified&#8221; global_colors_info=&#8221;{}&#8221;]<\/p>\n<p>Make the payment or transfer of the applicable registration fee (see below the section \u201cRegistration fees\u201d):<\/p>\n<p>[\/et_pb_text][et_pb_text _builder_version=&#8221;4.23.4&#8243; text_font_size=&#8221;12px&#8221; custom_margin=&#8221;-20px|||||&#8221; global_colors_info=&#8221;{}&#8221;]<\/p>\n<p>ACCOUNT HOLDER: University of Alicante.<br \/>IBAN: ES76 0081-3191-43-0001030312<br \/>SWIFT\/BIC: BSABESBBXXX<br \/>BANCO DE SABADELL, S.A. Registered office: Av. \u00d3scar Espl\u00e1, n\u00fam 37, 03007, Alicante.<br \/>CONCEPT: Name and surname plus title of the Conference (International Conference of Creators in Literary and Intercultural Education, CICELI)<br \/>IMPORTANT NOTE: the person concerned must state their name and surname and the payment details in order to be able to locate their deposits if necessary.<br \/>Proof of payment must be attached to the registration form.<\/p>\n<p>[\/et_pb_text][\/et_pb_column][et_pb_column type=&#8221;1_2&#8243; _builder_version=&#8221;4.16&#8243; global_colors_info=&#8221;{}&#8221;][et_pb_blurb use_icon=&#8221;on&#8221; font_icon=&#8221;&#xe076;||divi||400&#8243; _builder_version=&#8221;4.16&#8243; global_colors_info=&#8221;{}&#8221;][\/et_pb_blurb][et_pb_text _builder_version=&#8221;4.23.4&#8243; text_font=&#8221;||||||||&#8221; text_text_color=&#8221;#000000&#8243; background_enable_color=&#8221;off&#8221; text_orientation=&#8221;justified&#8221; global_colors_info=&#8221;{}&#8221;]<\/p>\n<p>Fill in the <a href=\"https:\/\/cvnet.cpd.ua.es\/uaCuestionarios\/preguntas.aspx?idcuestionario=186438&amp;idioma=en\" target=\"_blank\" rel=\"noopener\">registration form<\/a> and attach the proof of payment:\u00a0 <a href=\"https:\/\/cvnet.cpd.ua.es\/uaCuestionarios\/preguntas.aspx?idcuestionario=186438&amp;idioma=en\" target=\"_blank\" rel=\"noopener\">https:\/\/cvnet.cpd.ua.es\/uaCuestionarios\/preguntas.aspx?idcuestionario=186438&amp;idioma=en<\/a><\/p>\n<p>Please note that authors of accepted papers will be asked to provide a reviewed title\/abstract (for publication in the abstract book).<\/p>\n<p>[\/et_pb_text][\/et_pb_column][\/et_pb_row][\/et_pb_section][et_pb_section fb_built=&#8221;1&#8243; admin_label=&#8221;section&#8221; _builder_version=&#8221;4.16&#8243; custom_margin=&#8221;-68px|||||&#8221; global_colors_info=&#8221;{}&#8221;][et_pb_row _builder_version=&#8221;4.16&#8243; custom_margin=&#8221;-39px|auto||auto||&#8221; global_colors_info=&#8221;{}&#8221;][et_pb_column type=&#8221;4_4&#8243; _builder_version=&#8221;4.16&#8243; global_colors_info=&#8221;{}&#8221;][et_pb_text _builder_version=&#8221;4.17.4&#8243; text_text_color=&#8221;#f8a912&#8243; text_font_size=&#8221;18px&#8221; custom_margin=&#8221;6px|||||&#8221; global_colors_info=&#8221;{}&#8221;]<\/p>\n<p><strong>Registration Fees<\/strong><\/p>\n<p>[\/et_pb_text][et_pb_text _builder_version=&#8221;4.17.4&#8243; text_text_color=&#8221;#000000&#8243; text_font_size=&#8221;16px&#8221; global_colors_info=&#8221;{}&#8221;]<strong>\u00a0Attendees with an oral presentation or poster and virtual presenters<br \/>\n<\/strong>[\/et_pb_text][et_pb_text _builder_version=&#8221;4.17.4&#8243; global_colors_info=&#8221;{}&#8221;]<\/p>\n<table>\n<tbody>\n<tr>\n<td width=\"158\">\u00a0<\/td>\n<td width=\"189\"><strong>Before April 15th<\/strong><\/td>\n<td width=\"227\"><strong>\u00a0Until June 15th<\/strong><\/td>\n<\/tr>\n<tr>\n<td width=\"158\"><strong>Regular fee<\/strong><\/td>\n<td width=\"189\">100 EUR<\/td>\n<td width=\"227\">120 EUR<\/td>\n<\/tr>\n<tr>\n<td width=\"158\"><strong>Reduced fee*<\/strong><\/td>\n<td width=\"189\">60 EUR<\/td>\n<td width=\"227\">75 EUR<\/td>\n<\/tr>\n<\/tbody>\n<\/table>\n<h6>* For students, large family members, unemployed or disabled participants<\/h6>\n<p>[\/et_pb_text][et_pb_text _builder_version=&#8221;4.17.4&#8243; text_text_color=&#8221;#000000&#8243; text_font_size=&#8221;16px&#8221; global_colors_info=&#8221;{}&#8221;]<\/p>\n<p><strong>Companions and attendees without a presentation<\/strong><\/p>\n<p>[\/et_pb_text][et_pb_text _builder_version=&#8221;4.17.4&#8243; global_colors_info=&#8221;{}&#8221;]<\/p>\n<table>\n<tbody>\n<tr>\n<td width=\"227\"><strong>Until June 15th<\/strong><\/td>\n<\/tr>\n<tr>\n<td width=\"227\">30 EUR<\/td>\n<\/tr>\n<\/tbody>\n<\/table>\n<h6>For registrations after June 15th check conditions at <a href=\"mailto:ciceli.alicante@gmail.com\">ciceli.alicante@gmail.com<\/a><\/h6>\n<p>[\/et_pb_text][et_pb_text _builder_version=&#8221;4.17.4&#8243; text_font=&#8221;Montserrat||||||||&#8221; text_text_color=&#8221;#f8a912&#8243; text_font_size=&#8221;18px&#8221; custom_padding=&#8221;||0px|||&#8221; global_colors_info=&#8221;{}&#8221;]<strong>What is it included in the conference registration fee?<\/strong>[\/et_pb_text][et_pb_text _builder_version=&#8221;4.17.4&#8243; text_text_color=&#8221;#000000&#8243; global_colors_info=&#8221;{}&#8221;]The conference registration fee includes, among other concepts, conference materials, the possibility of submitting your essay for publication (if participating as a presenter), coffee breaks, lunch and mid-afternoon snacks at the conference venue, a cultural guided tour around Alicante historical city centre, a poetry recital and other socio-cultural events related to the subject of the conference.<\/p>\n<p>A certificate of attendance\/participation will also be included.<\/p>\n<p>Presenters participating virtually will be sent the materials through the post once the conference is finished.<\/p>\n<p>[\/et_pb_text][\/et_pb_column][\/et_pb_row][et_pb_row _builder_version=&#8221;4.16&#8243; global_colors_info=&#8221;{}&#8221;][et_pb_column type=&#8221;4_4&#8243; _builder_version=&#8221;4.16&#8243; global_colors_info=&#8221;{}&#8221;][et_pb_blurb use_icon=&#8221;on&#8221; font_icon=&#8221;&#xe025;||divi||400&#8243; icon_color=&#8221;#2893D2&#8243; image_icon_width=&#8221;80px&#8221; _builder_version=&#8221;4.25.1&#8243; width=&#8221;100%&#8221; custom_margin=&#8221;|||2px|false|false&#8221; custom_padding=&#8221;10px|104px||15px|false|false&#8221; hover_enabled=&#8221;0&#8243; box_shadow_style=&#8221;preset2&#8243; icon_font_size=&#8221;80px&#8221; global_colors_info=&#8221;{}&#8221; sticky_enabled=&#8221;0&#8243;]<\/p>\n<p><span style=\"color: #2893d2;\"><strong>Jul 11th, 2024.<\/strong><\/span> Inauguration of the IV CICELI<br \/><span style=\"color: #2893d2;\"><strong>Jul 13th, 2024.<\/strong> <\/span>Closing of the IV CICELI<\/p>\n<p><span style=\"text-decoration: line-through;\"><del><span style=\"color: #2893d2; text-decoration: line-through;\"><strong>Mar 8th, 2024<\/strong><\/span><\/del>. Proposal submission deadline<br \/><span style=\"color: #2893d2;\"><strong>Mar 21st, 2024<\/strong>.<\/span> Acceptance \/ rejection of proposals<\/span><br \/><del><span style=\"color: #2893d2;\"><strong>Apr 7th, 2024.<\/strong><\/span>\u00a0Extended proposal submission deadline<\/del><br \/><del><span style=\"color: #2893d2;\"><strong>Apr 10th, 2024.<\/strong><\/span> Final proposals acceptance<\/del><br \/><span style=\"text-decoration: line-through;\"><span style=\"color: #2893d2;\"><strong>Apr 15th, 2024.<\/strong><\/span> Deadline for early bird registration and payment<br \/><span style=\"color: #2893d2;\"><strong>Jun 15th, 2024. <\/strong><\/span>Deadline for registration and payment<\/span><\/p>\n<p>&nbsp;<\/p>\n<p>[\/et_pb_blurb][\/et_pb_column][\/et_pb_row][\/et_pb_section]<\/p>\n","protected":false},"excerpt":{"rendered":"<p>RegistrationProcedureBoth speakers and non-presenting participants must register for the conference before the indicated dates in two simple steps:Make the payment or transfer of the applicable registration fee (see below the section \u201cRegistration fees\u201d):ACCOUNT HOLDER: University of Alicante.IBAN: ES76 0081-3191-43-0001030312SWIFT\/BIC: BSABESBBXXXBANCO DE SABADELL, S.A. Registered office: Av. \u00d3scar Espl\u00e1, n\u00fam 37, 03007, Alicante.CONCEPT: Name and surname [&hellip;]<\/p>\n","protected":false},"author":1,"featured_media":0,"parent":0,"menu_order":0,"comment_status":"closed","ping_status":"closed","template":"","meta":{"_et_pb_use_builder":"on","_et_pb_old_content":"","_et_gb_content_width":"","footnotes":""},"class_list":["post-1322","page","type-page","status-publish","hentry"],"_links":{"self":[{"href":"https:\/\/ciceli.es\/en\/wp-json\/wp\/v2\/pages\/1322","targetHints":{"allow":["GET"]}}],"collection":[{"href":"https:\/\/ciceli.es\/en\/wp-json\/wp\/v2\/pages"}],"about":[{"href":"https:\/\/ciceli.es\/en\/wp-json\/wp\/v2\/types\/page"}],"author":[{"embeddable":true,"href":"https:\/\/ciceli.es\/en\/wp-json\/wp\/v2\/users\/1"}],"replies":[{"embeddable":true,"href":"https:\/\/ciceli.es\/en\/wp-json\/wp\/v2\/comments?post=1322"}],"version-history":[{"count":12,"href":"https:\/\/ciceli.es\/en\/wp-json\/wp\/v2\/pages\/1322\/revisions"}],"predecessor-version":[{"id":2803,"href":"https:\/\/ciceli.es\/en\/wp-json\/wp\/v2\/pages\/1322\/revisions\/2803"}],"wp:attachment":[{"href":"https:\/\/ciceli.es\/en\/wp-json\/wp\/v2\/media?parent=1322"}],"curies":[{"name":"wp","href":"https:\/\/api.w.org\/{rel}","templated":true}]}}