{"id":1338,"date":"2023-10-19T16:51:10","date_gmt":"2023-10-19T15:51:10","guid":{"rendered":"https:\/\/ciceli.es\/en\/?page_id=1338"},"modified":"2023-10-21T20:26:12","modified_gmt":"2023-10-21T19:26:12","slug":"iv-ciceli-contact","status":"publish","type":"page","link":"https:\/\/ciceli.es\/en\/iv-ciceli-contact\/","title":{"rendered":"IV CICELI &#8211; Contact"},"content":{"rendered":"<p>[et_pb_section fb_built=&#8221;1&#8243; prev_background_color=&#8221;#ffffff&#8221; _builder_version=&#8221;4.16&#8243; background_color=&#8221;#EA5342&#8243; background_enable_image=&#8221;off&#8221; background_blend=&#8221;darken&#8221; height=&#8221;200px&#8221; custom_margin=&#8221;||||false|false&#8221; top_divider_style=&#8221;arrow3&#8243; bottom_divider_style=&#8221;mountains2&#8243; bottom_divider_color=&#8221;#ffffff&#8221; bottom_divider_height=&#8221;29px&#8221; global_colors_info=&#8221;{}&#8221;][et_pb_row _builder_version=&#8221;4.16&#8243; custom_padding=&#8221;0px|||||&#8221; global_colors_info=&#8221;{}&#8221;][et_pb_column type=&#8221;4_4&#8243; _builder_version=&#8221;4.16&#8243; global_colors_info=&#8221;{}&#8221;][et_pb_text _builder_version=&#8221;4.17.4&#8243; text_font=&#8221;Annie Use Your Telescope|700|||||||&#8221; text_text_color=&#8221;#ffffff&#8221; text_font_size=&#8221;55px&#8221; text_letter_spacing=&#8221;2px&#8221; text_line_height=&#8221;1.9em&#8221; text_orientation=&#8221;center&#8221; custom_margin=&#8221;||-24px|||&#8221; custom_padding=&#8221;0px|||||&#8221; text_font_size_tablet=&#8221;50px&#8221; text_font_size_phone=&#8221;46px&#8221; text_font_size_last_edited=&#8221;on|phone&#8221; text_text_shadow_style=&#8221;preset1&#8243; global_colors_info=&#8221;{}&#8221;]<\/p>\n<p>Contact<\/p>\n<p>[\/et_pb_text][\/et_pb_column][\/et_pb_row][\/et_pb_section][et_pb_section fb_built=&#8221;1&#8243; _builder_version=&#8221;4.16&#8243; global_colors_info=&#8221;{}&#8221;][et_pb_row column_structure=&#8221;2_5,3_5&#8243; _builder_version=&#8221;4.16&#8243; global_colors_info=&#8221;{}&#8221;][et_pb_column type=&#8221;2_5&#8243; _builder_version=&#8221;4.16&#8243; global_colors_info=&#8221;{}&#8221;][et_pb_image _builder_version=&#8221;4.17.4&#8243; _module_preset=&#8221;default&#8221; title_text=&#8221;facultat&#8221; src=&#8221;https:\/\/ciceli.es\/en\/wp-content\/uploads\/2023\/10\/facultat.png&#8221; hover_enabled=&#8221;0&#8243; sticky_enabled=&#8221;0&#8243;][\/et_pb_image][\/et_pb_column][et_pb_column type=&#8221;3_5&#8243; _builder_version=&#8221;4.16&#8243; global_colors_info=&#8221;{}&#8221;][et_pb_text _builder_version=&#8221;4.17.4&#8243; text_font=&#8221;Montserrat||||||||&#8221; global_colors_info=&#8221;{}&#8221;]Helena Establier P\u00e9rez (Director of the conference)\u200b)<br \/>\nLaura Palomo Alepuz (Academic Secretary of the conference)<\/p>\n<p>Departamento de Filolog\u00eda Espa\u00f1ola, Ling\u00fc\u00edstica General y Teor\u00eda de la Literatura<br \/>\nFacultad de Filosof\u00eda y Letras<br \/>\nUniversidad de Alicante<br \/>\nCarretera San Vicente del Raspeig s\/n<br \/>\n03690 San Vicente del Raspeig &#8211; Alicante<\/p>\n<p>If you have any doubts, please write to <a href=\"mailto:ciceli.alicante@gmail.com\"><strong>ciceli.alicante@gmail.com<\/strong><\/a> and we will help you as soon as possible.[\/et_pb_text][\/et_pb_column][\/et_pb_row][\/et_pb_section]<\/p>\n","protected":false},"excerpt":{"rendered":"<p>ContactHelena Establier P\u00e9rez (Director of the conference)\u200b) Laura Palomo Alepuz (Academic Secretary of the conference) Departamento de Filolog\u00eda Espa\u00f1ola, Ling\u00fc\u00edstica General y Teor\u00eda de la Literatura Facultad de Filosof\u00eda y Letras Universidad de Alicante Carretera San Vicente del Raspeig s\/n 03690 San Vicente del Raspeig &#8211; Alicante If you have any doubts, please write to [&hellip;]<\/p>\n","protected":false},"author":1,"featured_media":0,"parent":0,"menu_order":0,"comment_status":"closed","ping_status":"closed","template":"","meta":{"_et_pb_use_builder":"on","_et_pb_old_content":"","_et_gb_content_width":"","footnotes":""},"class_list":["post-1338","page","type-page","status-publish","hentry"],"_links":{"self":[{"href":"https:\/\/ciceli.es\/en\/wp-json\/wp\/v2\/pages\/1338","targetHints":{"allow":["GET"]}}],"collection":[{"href":"https:\/\/ciceli.es\/en\/wp-json\/wp\/v2\/pages"}],"about":[{"href":"https:\/\/ciceli.es\/en\/wp-json\/wp\/v2\/types\/page"}],"author":[{"embeddable":true,"href":"https:\/\/ciceli.es\/en\/wp-json\/wp\/v2\/users\/1"}],"replies":[{"embeddable":true,"href":"https:\/\/ciceli.es\/en\/wp-json\/wp\/v2\/comments?post=1338"}],"version-history":[{"count":5,"href":"https:\/\/ciceli.es\/en\/wp-json\/wp\/v2\/pages\/1338\/revisions"}],"predecessor-version":[{"id":1398,"href":"https:\/\/ciceli.es\/en\/wp-json\/wp\/v2\/pages\/1338\/revisions\/1398"}],"wp:attachment":[{"href":"https:\/\/ciceli.es\/en\/wp-json\/wp\/v2\/media?parent=1338"}],"curies":[{"name":"wp","href":"https:\/\/api.w.org\/{rel}","templated":true}]}}