{"id":1404,"date":"2024-01-09T11:02:39","date_gmt":"2024-01-09T10:02:39","guid":{"rendered":"https:\/\/ciceli.es\/en\/?page_id=1404"},"modified":"2024-05-16T19:25:00","modified_gmt":"2024-05-16T18:25:00","slug":"keynotes","status":"publish","type":"page","link":"https:\/\/ciceli.es\/en\/keynotes\/","title":{"rendered":"Keynotes"},"content":{"rendered":"<p>[et_pb_section fb_built=&#8221;1&#8243; prev_background_color=&#8221;#ffffff&#8221; _builder_version=&#8221;4.16&#8243; background_color=&#8221;#EA5342&#8243; background_enable_image=&#8221;off&#8221; background_blend=&#8221;darken&#8221; height=&#8221;200px&#8221; custom_margin=&#8221;||||false|false&#8221; top_divider_style=&#8221;arrow3&#8243; bottom_divider_style=&#8221;wave2&#8243; bottom_divider_color=&#8221;#ffffff&#8221; bottom_divider_height=&#8221;29px&#8221; global_colors_info=&#8221;{}&#8221;][et_pb_row _builder_version=&#8221;4.16&#8243; custom_padding=&#8221;0px|||||&#8221; global_colors_info=&#8221;{}&#8221;][et_pb_column type=&#8221;4_4&#8243; _builder_version=&#8221;4.16&#8243; global_colors_info=&#8221;{}&#8221;][et_pb_text _builder_version=&#8221;4.23.4&#8243; text_font=&#8221;Annie Use Your Telescope|700|||||||&#8221; text_text_color=&#8221;#ffffff&#8221; text_font_size=&#8221;55px&#8221; text_letter_spacing=&#8221;2px&#8221; text_line_height=&#8221;1.9em&#8221; text_orientation=&#8221;center&#8221; custom_margin=&#8221;||-24px|||&#8221; custom_padding=&#8221;0px|||||&#8221; text_font_size_tablet=&#8221;50px&#8221; text_font_size_phone=&#8221;46px&#8221; text_font_size_last_edited=&#8221;on|phone&#8221; text_text_shadow_style=&#8221;preset1&#8243; global_colors_info=&#8221;{}&#8221;]<\/p>\n<p>Keynotes<\/p>\n<p>[\/et_pb_text][\/et_pb_column][\/et_pb_row][\/et_pb_section][et_pb_section fb_built=&#8221;1&#8243; _builder_version=&#8221;4.16&#8243; global_colors_info=&#8221;{}&#8221;][et_pb_row _builder_version=&#8221;4.16&#8243; global_colors_info=&#8221;{}&#8221;][et_pb_column type=&#8221;4_4&#8243; _builder_version=&#8221;4.16&#8243; global_colors_info=&#8221;{}&#8221;][et_pb_text _builder_version=&#8221;4.25.1&#8243; header_text_align=&#8221;center&#8221; text_orientation=&#8221;center&#8221; global_colors_info=&#8221;{}&#8221;]<\/p>\n<h2>Ponentes con conferencia invitada<\/h2>\n<p>[\/et_pb_text][\/et_pb_column][\/et_pb_row][et_pb_row column_structure=&#8221;1_2,1_2&#8243; _builder_version=&#8221;4.16&#8243; global_colors_info=&#8221;{}&#8221;][et_pb_column type=&#8221;1_2&#8243; _builder_version=&#8221;4.16&#8243; global_colors_info=&#8221;{}&#8221;][et_pb_team_member name=&#8221;Blas S\u00e1nchez Due\u00f1as&#8221; position=&#8221;Universidad de C\u00f3rdoba %91Espa\u00f1a%93&#8243; image_url=&#8221;https:\/\/ciceli.es\/en\/wp-content\/uploads\/2024\/01\/Blas_Sanchez_Duenas.jpg&#8221; admin_label=&#8221;Blas S\u00e1nchez Due\u00f1as&#8221; _builder_version=&#8221;4.25.1&#8243; header_text_align=&#8221;center&#8221; text_orientation=&#8221;center&#8221; custom_margin=&#8221;||31px|||&#8221; child_filter_sepia=&#8221;2%&#8221; link_option_url=&#8221;https:\/\/ciceli.es\/en\/blas-sanchez-duenas\/&#8221; custom_css_member_image=&#8221;border-radius: 100px;||overflow: hidden;||max-width : 200px;||margin: 0 auto 30px;||border: 4px solid #ffffff;||-webkit-box-shadow: 0px 0px 20px 1px rgba(38,37,38,0.39);||-moz-box-shadow: 0px 0px 20px 1px rgba(38,37,38,0.39);||box-shadow: 0px 0px 20px 1px rgba(38,37,38,0.50);&#8221; global_colors_info=&#8221;{}&#8221;][\/et_pb_team_member][et_pb_text _builder_version=&#8221;4.25.1&#8243; _module_preset=&#8221;default&#8221; hover_enabled=&#8221;0&#8243; global_colors_info=&#8221;{}&#8221; sticky_enabled=&#8221;0&#8243;]<\/p>\n<p style=\"text-align: center;\"><em>&#8220;Confesiones epistolares de mujer: sororidades y desencuentros en las poetas espa\u00f1olas de los cincuenta&#8221;<\/em><\/p>\n<p>[\/et_pb_text][et_pb_team_member name=&#8221;M\u00f3nica Jato&#8221; position=&#8221;University of Birmingham %91Reino Unido%93&#8243; image_url=&#8221;https:\/\/ciceli.es\/en\/wp-content\/uploads\/2024\/01\/Monica_Jato.jpg&#8221; admin_label=&#8221;monica&#8221; _builder_version=&#8221;4.25.1&#8243; header_text_align=&#8221;center&#8221; text_orientation=&#8221;center&#8221; child_filter_sepia=&#8221;2%&#8221; link_option_url=&#8221;https:\/\/ciceli.es\/en\/monica-jato\/&#8221; custom_css_member_image=&#8221;border-radius: 100px;||overflow: hidden;||max-width : 200px;||margin: 0 auto 30px;||border: 4px solid #ffffff;||-webkit-box-shadow: 0px 0px 20px 1px rgba(38,37,38,0.39);||-moz-box-shadow: 0px 0px 20px 1px rgba(38,37,38,0.39);||box-shadow: 0px 0px 20px 1px rgba(38,37,38,0.50);&#8221; global_colors_info=&#8221;{}&#8221;][\/et_pb_team_member][et_pb_text _builder_version=&#8221;4.25.1&#8243; _module_preset=&#8221;default&#8221; global_colors_info=&#8221;{}&#8221;]<\/p>\n<p style=\"text-align: center;\"><em>\u201cLas poetas de la segunda generaci\u00f3n del exilio espa\u00f1ol en M\u00e9xico: posmemoria e identidad cultural\u201d<\/em><\/p>\n<p>[\/et_pb_text][\/et_pb_column][et_pb_column type=&#8221;1_2&#8243; _builder_version=&#8221;4.16&#8243; global_colors_info=&#8221;{}&#8221;][et_pb_team_member name=&#8221;Marta Ferrari&#8221; position=&#8221;Universidad Nacional de Mar del Plata %91Argentina%93&#8243; image_url=&#8221;https:\/\/ciceli.es\/en\/wp-content\/uploads\/2024\/01\/Marta_Ferrari.jpg&#8221; admin_label=&#8221;Marta&#8221; _builder_version=&#8221;4.23.4&#8243; header_text_align=&#8221;center&#8221; text_orientation=&#8221;center&#8221; child_filter_sepia=&#8221;2%&#8221; link_option_url=&#8221;https:\/\/ciceli.es\/en\/marta-b-ferrari\/&#8221; custom_css_member_image=&#8221;border-radius: 100px;||overflow: hidden;||max-width : 200px;||margin: 0 auto 30px;||border: 4px solid #ffffff;||-webkit-box-shadow: 0px 0px 20px 1px rgba(38,37,38,0.39);||-moz-box-shadow: 0px 0px 20px 1px rgba(38,37,38,0.39);||box-shadow: 0px 0px 20px 1px rgba(38,37,38,0.50);&#8221; global_colors_info=&#8221;{}&#8221; custom_margin=&#8221;||29px|||&#8221;][\/et_pb_team_member][et_pb_text _builder_version=&#8221;4.25.1&#8243; _module_preset=&#8221;default&#8221; global_colors_info=&#8221;{}&#8221;]<\/p>\n<p style=\"text-align: center;\"><em>\u201cEl tipo de la literata en la Espa\u00f1a del XIX\u201d<\/em><\/p>\n<p>[\/et_pb_text][\/et_pb_column][\/et_pb_row][\/et_pb_section]<\/p>\n","protected":false},"excerpt":{"rendered":"<p>KeynotesPonentes con conferencia invitada&#8221;Confesiones epistolares de mujer: sororidades y desencuentros en las poetas espa\u00f1olas de los cincuenta&#8221;\u201cLas poetas de la segunda generaci\u00f3n del exilio espa\u00f1ol en M\u00e9xico: posmemoria e identidad cultural\u201d\u201cEl tipo de la literata en la Espa\u00f1a del XIX\u201d<\/p>\n","protected":false},"author":1,"featured_media":0,"parent":0,"menu_order":0,"comment_status":"closed","ping_status":"closed","template":"","meta":{"_et_pb_use_builder":"on","_et_pb_old_content":"","_et_gb_content_width":"","footnotes":""},"class_list":["post-1404","page","type-page","status-publish","hentry"],"_links":{"self":[{"href":"https:\/\/ciceli.es\/en\/wp-json\/wp\/v2\/pages\/1404","targetHints":{"allow":["GET"]}}],"collection":[{"href":"https:\/\/ciceli.es\/en\/wp-json\/wp\/v2\/pages"}],"about":[{"href":"https:\/\/ciceli.es\/en\/wp-json\/wp\/v2\/types\/page"}],"author":[{"embeddable":true,"href":"https:\/\/ciceli.es\/en\/wp-json\/wp\/v2\/users\/1"}],"replies":[{"embeddable":true,"href":"https:\/\/ciceli.es\/en\/wp-json\/wp\/v2\/comments?post=1404"}],"version-history":[{"count":10,"href":"https:\/\/ciceli.es\/en\/wp-json\/wp\/v2\/pages\/1404\/revisions"}],"predecessor-version":[{"id":2757,"href":"https:\/\/ciceli.es\/en\/wp-json\/wp\/v2\/pages\/1404\/revisions\/2757"}],"wp:attachment":[{"href":"https:\/\/ciceli.es\/en\/wp-json\/wp\/v2\/media?parent=1404"}],"curies":[{"name":"wp","href":"https:\/\/api.w.org\/{rel}","templated":true}]}}