{"id":2595,"date":"2024-01-09T11:09:29","date_gmt":"2024-01-09T10:09:29","guid":{"rendered":"https:\/\/ciceli.es\/en\/?page_id=2595"},"modified":"2024-01-09T11:10:46","modified_gmt":"2024-01-09T10:10:46","slug":"monica-jato","status":"publish","type":"page","link":"https:\/\/ciceli.es\/en\/monica-jato\/","title":{"rendered":"M\u00f3nica Jato"},"content":{"rendered":"<p>[et_pb_section fb_built=&#8221;1&#8243; _builder_version=&#8221;4.16&#8243; global_colors_info=&#8221;{}&#8221;][et_pb_row _builder_version=&#8221;4.16&#8243; global_colors_info=&#8221;{}&#8221;][et_pb_column type=&#8221;4_4&#8243; _builder_version=&#8221;4.16&#8243; global_colors_info=&#8221;{}&#8221;][et_pb_image src=&#8221;https:\/\/ciceli.es\/en\/wp-content\/uploads\/2024\/01\/Monica_Jato.jpg&#8221; title_text=&#8221;Monica_Jato&#8221; align=&#8221;center&#8221; _builder_version=&#8221;4.23.4&#8243; custom_css_main_element=&#8221;border-radius: 100px;||overflow: hidden;||max-width : 200px;||margin: 0 auto 30px;||border: 4px solid #ffffff;||-webkit-box-shadow: 0px 0px 20px 1px rgba(38,37,38,0.39);||-moz-box-shadow: 0px 0px 20px 1px rgba(38,37,38,0.39);||box-shadow: 0px 0px 20px 1px rgba(38,37,38,0.50);&#8221; global_colors_info=&#8221;{}&#8221;][\/et_pb_image][et_pb_text _builder_version=&#8221;4.23.4&#8243; text_text_color=&#8221;#2893D2&#8243; text_font_size=&#8221;16px&#8221; global_colors_info=&#8221;{}&#8221;]<\/p>\n<h1 class=\"et_pb_module_header\" style=\"text-align: center;\"><strong>M\u00f3nica Jato<\/strong><\/h1>\n<p>[\/et_pb_text][et_pb_text _builder_version=&#8221;4.23.4&#8243; global_colors_info=&#8221;{}&#8221;]<strong>Professor of Hispanic Studies at the University of Birmingham, UK.<\/strong><\/p>\n<p>Her research focuses on new interdisciplinary approaches to the study of Spanish exile culture and to the condition of exile more generally. She is particularly interested in exploring the different cultural strategies used by migrants to adapt to radical changes in their spatial environment and to transform the at times dehumanizing spaces of exile into &#8216;places&#8217; as sites of cultural resistance. She is also interested in problematizing Spanish twentieth century literary historiography by introducing new perspectives into its canon and producing scholarly editions of underrepresented women&#8217;s voices.<\/p>\n<p>&nbsp;<\/p>\n<h4><strong>Selected recent publications<\/strong><\/h4>\n<p><em>El lenguaje b\u00edblico en la poes\u00eda de los exilios espa\u00f1oles de 1939 (Reichenberger, 2004)<\/em><\/p>\n<p><em>Mar\u00eda Beneyto, El laberinto de la palabra po\u00e9tica (<\/em>Instituci\u00f3n Alfonso El Magn\u00e1nimo)<\/p>\n<p><em>El \u00e9xodo espa\u00f1ol de 1939: una topolog\u00eda cultural del exilio<\/em>\u00a0(Brill, 2019).<\/p>\n<p><em>Fractured Frontiers: The Exile Writing of Nazi Germany and Francoist Spain\u00a0<\/em>(Camden House, 2020)<\/p>\n<p>Silvia Mistral.\u00a0<em>\u00c9xodo. Diario de una refugiada espa\u00f1ola<\/em><span>\u00a0<\/span>(Cuadernos del Vig\u00eda, 2021)<\/p>\n<p>Silvia Mistral, <em>Madr\u00e9poras\u00a0<\/em>(Cuadernos del Vig\u00eda, 2019),<\/p>\n<p><em>Diario de un retorno: Correspondencia entre Cecilia G. de Guilarte y Silvia Mistral<\/em><span>\u00a0<\/span>(Ulises, 2015)<\/p>\n<p>Cecilia G. de Guilarte&#8217;s\u00a0<em>Un barco cargado de&#8230;<\/em><span>\u00a0<\/span>(Renacimiento, 2012)<\/p>\n<p>Mar\u00eda Beneyto&#8217;s\u00a0<em>Cuentos para d\u00edas de lluvia<\/em><span>\u00a0<\/span>(Instituci\u00f3n Alfonso El Magn\u00e1nimo, 2012).[\/et_pb_text][\/et_pb_column][\/et_pb_row][\/et_pb_section]<\/p>\n","protected":false},"excerpt":{"rendered":"<p>M\u00f3nica JatoProfessor of Hispanic Studies at the University of Birmingham, UK. Her research focuses on new interdisciplinary approaches to the study of Spanish exile culture and to the condition of exile more generally. She is particularly interested in exploring the different cultural strategies used by migrants to adapt to radical changes in their spatial environment [&hellip;]<\/p>\n","protected":false},"author":1,"featured_media":0,"parent":0,"menu_order":0,"comment_status":"closed","ping_status":"closed","template":"","meta":{"_et_pb_use_builder":"on","_et_pb_old_content":"","_et_gb_content_width":"","footnotes":""},"class_list":["post-2595","page","type-page","status-publish","hentry"],"_links":{"self":[{"href":"https:\/\/ciceli.es\/en\/wp-json\/wp\/v2\/pages\/2595","targetHints":{"allow":["GET"]}}],"collection":[{"href":"https:\/\/ciceli.es\/en\/wp-json\/wp\/v2\/pages"}],"about":[{"href":"https:\/\/ciceli.es\/en\/wp-json\/wp\/v2\/types\/page"}],"author":[{"embeddable":true,"href":"https:\/\/ciceli.es\/en\/wp-json\/wp\/v2\/users\/1"}],"replies":[{"embeddable":true,"href":"https:\/\/ciceli.es\/en\/wp-json\/wp\/v2\/comments?post=2595"}],"version-history":[{"count":5,"href":"https:\/\/ciceli.es\/en\/wp-json\/wp\/v2\/pages\/2595\/revisions"}],"predecessor-version":[{"id":2606,"href":"https:\/\/ciceli.es\/en\/wp-json\/wp\/v2\/pages\/2595\/revisions\/2606"}],"wp:attachment":[{"href":"https:\/\/ciceli.es\/en\/wp-json\/wp\/v2\/media?parent=2595"}],"curies":[{"name":"wp","href":"https:\/\/api.w.org\/{rel}","templated":true}]}}