{"id":2615,"date":"2024-01-09T11:46:27","date_gmt":"2024-01-09T10:46:27","guid":{"rendered":"https:\/\/ciceli.es\/en\/?page_id=2615"},"modified":"2024-01-09T11:46:30","modified_gmt":"2024-01-09T10:46:30","slug":"blas-sanchez-duenas","status":"publish","type":"page","link":"https:\/\/ciceli.es\/en\/blas-sanchez-duenas\/","title":{"rendered":"Blas S\u00e1nchez Due\u00f1as"},"content":{"rendered":"<p>[et_pb_section fb_built=&#8221;1&#8243; _builder_version=&#8221;4.16&#8243; global_colors_info=&#8221;{}&#8221; theme_builder_area=&#8221;post_content&#8221;][et_pb_row _builder_version=&#8221;4.16&#8243; global_colors_info=&#8221;{}&#8221; theme_builder_area=&#8221;post_content&#8221;][et_pb_column type=&#8221;4_4&#8243; _builder_version=&#8221;4.16&#8243; global_colors_info=&#8221;{}&#8221; theme_builder_area=&#8221;post_content&#8221;][et_pb_image src=&#8221;https:\/\/ciceli.es\/en\/wp-content\/uploads\/2024\/01\/Blas_Sanchez_Duenas.jpg&#8221; title_text=&#8221;OLYMPUS DIGITAL CAMERA&#8221; align=&#8221;center&#8221; _builder_version=&#8221;4.23.4&#8243; custom_css_main_element=&#8221;border-radius: 100px;||overflow: hidden;||max-width : 200px;||margin: 0 auto 30px;||border: 4px solid #ffffff;||-webkit-box-shadow: 0px 0px 20px 1px rgba(38,37,38,0.39);||-moz-box-shadow: 0px 0px 20px 1px rgba(38,37,38,0.39);||box-shadow: 0px 0px 20px 1px rgba(38,37,38,0.50);&#8221; global_colors_info=&#8221;{}&#8221; theme_builder_area=&#8221;post_content&#8221;][\/et_pb_image][et_pb_text _builder_version=&#8221;4.23.4&#8243; text_text_color=&#8221;#2893D2&#8243; text_font_size=&#8221;16px&#8221; global_colors_info=&#8221;{}&#8221; theme_builder_area=&#8221;post_content&#8221;]<\/p>\n<h1 class=\"et_pb_module_header\" style=\"text-align: center;\"><strong>Blas S\u00e1nchez Due\u00f1as <\/strong><\/h1>\n<p>[\/et_pb_text][et_pb_text _builder_version=&#8221;4.23.4&#8243; hover_enabled=&#8221;0&#8243; global_colors_info=&#8221;{}&#8221; theme_builder_area=&#8221;post_content&#8221; sticky_enabled=&#8221;0&#8243;]<\/p>\n<p><strong> Lecturer in Spanish Literature at the University of Cordoba<\/strong><\/p>\n<p>Blas S\u00e1nchez Due\u00f1as is a lecturer in Spanish Literature at the University of Cordoba and the principal investigator of the Andalusian Government&#8217;s research group Solarha (HUM 321), distinguished in 2009 with the Meridiana Prize of the Andalusian Women&#8217;s Institute.<\/p>\n<p>He has given more than 70 lectures and seminars at national and international universities such as Otto Friedrich-University Bamberg, Busan University of Foreign Studies, Advanced Language Institute in Tunisia, University of Bergamo, Stefan cel Mare University of Suceava, California State University, etc. He has been awarded three six-year research fellowships and was runner-up in the 17th Victoria Kent Feminist Research Award for his work De im\u00e1genes e imaginarios: La percepci\u00f3n femenina en el Siglo de Oro (2008) and the Miguel Fern\u00e1ndez Prize for Concha Lagos: agente cultural (2015).<\/p>\n<p>His scientific career is endorsed by over a hundred scientific articles published in international journals and in book chapters from leading publishers in the SPI ranking. He is the author of books such as Literatura y feminismo. Una revisi\u00f3n de las teor\u00edas literarias feministas en el ocaso del siglo XX (2009), Andaluc\u00eda y la generaci\u00f3n del 98 (2011), Vicente Aleixandre: Cartas a Albano Martins (2012), Memorias de Do\u00f1a Leonor L\u00f3pez de C\u00f3rdoba (2013) and the critical edition of the novel El centro de las almas, by Antonio Porras (1999) (whose complete works he coordinated).<\/p>\n<p>He has edited several volumes such as Escritoras andaluzas y exilio (2010); Estudios de literatura Espa\u00f1ola desde una perspectiva de g\u00e9nero (2011); Concha Lagos en el panorama literario de su tiempo (2013); Literatura, cine y g\u00e9nero (2014); Manuel \u00c1lvarez Ortega y su tiempo (2018) Si yo supiera. Antolog\u00eda did\u00e1ctica activa de poetas de la Transici\u00f3n (2021) and Mi alma es casi dichosa y casi triste. The literary legacy of Ricardo Molina (2021).<\/p>\n<p>As a researcher, he has participated in nine R&amp;D projects and has organised more than thirty conferences. He has curated the monographic portal on Concha Lagos at the CVC, the digital edition of the journal Cuadernos de \u00c1gora and the exhibition Vanguardias literarias en C\u00f3rdoba (1914-1936) and edited its catalogue.<\/p>\n<p>[\/et_pb_text][\/et_pb_column][\/et_pb_row][\/et_pb_section]<\/p>\n","protected":false},"excerpt":{"rendered":"<p>Blas S\u00e1nchez Due\u00f1as Lecturer in Spanish Literature at the University of Cordoba Blas S\u00e1nchez Due\u00f1as is a lecturer in Spanish Literature at the University of Cordoba and the principal investigator of the Andalusian Government&#8217;s research group Solarha (HUM 321), distinguished in 2009 with the Meridiana Prize of the Andalusian Women&#8217;s Institute. He has given more [&hellip;]<\/p>\n","protected":false},"author":1,"featured_media":0,"parent":0,"menu_order":0,"comment_status":"closed","ping_status":"closed","template":"","meta":{"_et_pb_use_builder":"on","_et_pb_old_content":"","_et_gb_content_width":"","footnotes":""},"class_list":["post-2615","page","type-page","status-publish","hentry"],"_links":{"self":[{"href":"https:\/\/ciceli.es\/en\/wp-json\/wp\/v2\/pages\/2615","targetHints":{"allow":["GET"]}}],"collection":[{"href":"https:\/\/ciceli.es\/en\/wp-json\/wp\/v2\/pages"}],"about":[{"href":"https:\/\/ciceli.es\/en\/wp-json\/wp\/v2\/types\/page"}],"author":[{"embeddable":true,"href":"https:\/\/ciceli.es\/en\/wp-json\/wp\/v2\/users\/1"}],"replies":[{"embeddable":true,"href":"https:\/\/ciceli.es\/en\/wp-json\/wp\/v2\/comments?post=2615"}],"version-history":[{"count":3,"href":"https:\/\/ciceli.es\/en\/wp-json\/wp\/v2\/pages\/2615\/revisions"}],"predecessor-version":[{"id":2619,"href":"https:\/\/ciceli.es\/en\/wp-json\/wp\/v2\/pages\/2615\/revisions\/2619"}],"wp:attachment":[{"href":"https:\/\/ciceli.es\/en\/wp-json\/wp\/v2\/media?parent=2615"}],"curies":[{"name":"wp","href":"https:\/\/api.w.org\/{rel}","templated":true}]}}