{"id":2722,"date":"2024-03-04T18:58:18","date_gmt":"2024-03-04T17:58:18","guid":{"rendered":"https:\/\/ciceli.es\/en\/?page_id=2722"},"modified":"2024-07-08T20:41:55","modified_gmt":"2024-07-08T19:41:55","slug":"iv-ciceli-program","status":"publish","type":"page","link":"https:\/\/ciceli.es\/en\/iv-ciceli-program\/","title":{"rendered":"IV CICELI &#8211; Program"},"content":{"rendered":"<p>[et_pb_section fb_built=&#8221;1&#8243; prev_background_color=&#8221;#ffffff&#8221; _builder_version=&#8221;4.16&#8243; background_color=&#8221;#FAB74F&#8221; background_enable_image=&#8221;off&#8221; background_blend=&#8221;darken&#8221; height=&#8221;200px&#8221; custom_margin=&#8221;||||false|false&#8221; top_divider_style=&#8221;arrow3&#8243; bottom_divider_style=&#8221;mountains&#8221; bottom_divider_color=&#8221;#ffffff&#8221; bottom_divider_height=&#8221;29px&#8221; global_colors_info=&#8221;{}&#8221;][et_pb_row _builder_version=&#8221;4.16&#8243; custom_padding=&#8221;0px|||||&#8221; global_colors_info=&#8221;{}&#8221;][et_pb_column type=&#8221;4_4&#8243; _builder_version=&#8221;4.16&#8243; global_colors_info=&#8221;{}&#8221;][et_pb_text _builder_version=&#8221;4.17.3&#8243; text_font=&#8221;Annie Use Your Telescope|700|||||||&#8221; text_text_color=&#8221;#ffffff&#8221; text_font_size=&#8221;55px&#8221; text_letter_spacing=&#8221;2px&#8221; text_line_height=&#8221;1.9em&#8221; text_orientation=&#8221;center&#8221; custom_margin=&#8221;||-24px|||&#8221; custom_padding=&#8221;0px|||||&#8221; text_font_size_tablet=&#8221;50px&#8221; text_font_size_phone=&#8221;46px&#8221; text_font_size_last_edited=&#8221;on|phone&#8221; text_text_shadow_style=&#8221;preset1&#8243; global_colors_info=&#8221;{}&#8221;]<\/p>\n<p>Program<\/p>\n<p>[\/et_pb_text][\/et_pb_column][\/et_pb_row][\/et_pb_section][et_pb_section fb_built=&#8221;1&#8243; _builder_version=&#8221;4.16&#8243; global_colors_info=&#8221;{}&#8221;][et_pb_row _builder_version=&#8221;4.16&#8243; global_colors_info=&#8221;{}&#8221;][et_pb_column type=&#8221;4_4&#8243; _builder_version=&#8221;4.16&#8243; global_colors_info=&#8221;{}&#8221;][et_pb_text disabled_on=&#8221;off|off|off&#8221; _builder_version=&#8221;4.26.0&#8243; text_font_size=&#8221;20px&#8221; global_colors_info=&#8221;{}&#8221;]<\/p>\n<p style=\"text-align: right;\"><a href=\"https:\/\/www.ciceli.es\/wp-content\/uploads\/2024\/07\/Programa-CICELI.pdf\">Programme<\/a><\/p>\n<p style=\"text-align: right;\"><a href=\"https:\/\/www.ciceli.es\/wp-content\/uploads\/2024\/07\/Libro_resumenes.pdf\">Abstract book<\/a><\/p>\n<p>[\/et_pb_text][et_pb_tabs _builder_version=&#8221;4.25.1&#8243; global_colors_info=&#8221;{}&#8221;][et_pb_tab title=&#8221;Thursday, July 11th&#8221; _builder_version=&#8221;4.25.1&#8243; global_colors_info=&#8221;{}&#8221;]<\/p>\n<h3><span style=\"color: #99cc00;\"><strong>Thursday, July 11<sup>th<\/sup> 2024<\/strong><\/span><\/h3>\n<p>&nbsp;<\/p>\n<p>8.30 Participant\u2019s registration<\/p>\n<p>9.00<strong> IV CICELI Inauguration<\/strong> <span style=\"color: #999999;\"> (Sala Rafael Altamira)<\/span><br \/>\nInstitutional welcome<\/p>\n<p>09.30\u00a0<strong>Inaugural Keynote speaker<\/strong><span style=\"color: #999999;\"> (Sala Rafael Altamira)<\/span><br \/>\n<a href=\"https:\/\/ciceli.es\/en\/marta-b-ferrari\/\"><b>Marta Ferrari <\/b><\/a>(Universidad Nacional de Mar de Plata, Argentina): \u201cEl tipo de la literata en la Espa\u00f1a del XIX\u201d<\/p>\n<p>10.30\u00a0<em>Coffee break<\/em><\/p>\n<p>11.00 <strong>Parallel presentations<\/strong> \/ session 1.1<\/p>\n<p>12.00 <strong>Parallel presentations<\/strong> \/ session 1.2<\/p>\n<p>13.00 <strong>Parallel presentations<\/strong> \/ session 1.3<\/p>\n<p>14.00 <em>Lunch<\/em><\/p>\n<p>15.30 <strong>Parallel presentations<\/strong> \/ session 1.4<\/p>\n<p>17.00 <strong>Parallel presentations<\/strong> \/ session 1.5<\/p>\n<p>18.30 <em>Snack<\/em><\/p>\n<p>19.00 Guided tour to Castillo de Santa B\u00e1rbara<\/p>\n<p>21.00 Poetry reading: women&#8217;s voices in contemporary poetry. Museo Arqueol\u00f3gico Provincial de Alicante (MARQ)<\/p>\n<p>22.00 Cocktail at the MARQ gardens[\/et_pb_tab][et_pb_tab title=&#8221;Friday, 12th July &#8221; _builder_version=&#8221;4.25.1&#8243; global_colors_info=&#8221;{}&#8221;]<\/p>\n<h4><span style=\"color: #99cc00;\"><strong>Friday, 12<sup>th<\/sup> July 2024<\/strong><\/span><\/h4>\n<p><span style=\"color: #99cc00;\"><strong><\/strong><\/span><\/p>\n<p>8.30 Participant\u2019s registration<\/p>\n<p>9:00 <strong>Parallel presentations<\/strong> \/ session 2.1<\/p>\n<p>10.30 <em>Coffee break<\/em><\/p>\n<p>11:00 <strong>Plenary session\u00a0<\/strong><\/p>\n<p><a href=\"https:\/\/ciceli.es\/en\/blas-sanchez-duenas\/\"><strong>Blas S\u00e1nchez Due\u00f1as <\/strong><\/a>(Universidad de C\u00f3rdoba): \u201cConfesiones epistolares de mujer: sororidades y desencuentros en las poetas espa\u00f1olas de los cincuenta\u201d<\/p>\n<p>12.00 <strong>Parallel presentations<\/strong> \/ session 2.2<\/p>\n<p>13.00 <strong>Parallel presentations<\/strong> \/ session 2.3<\/p>\n<p>14.00 <em>Lunch<\/em><\/p>\n<p>15.30 <strong>Parallel presentations<\/strong> \/ session 2.4<\/p>\n<p>17.00 <em>Snack<\/em><\/p>\n<p>17.30 <strong>Parallel presentations <\/strong>\/ session 2.5<\/p>\n<p>19.00 <b>Theatral performance\u00a0<\/b>[Teatre Arniches]: Poes\u00eda de viejas para chicas listas por Isabel Navarro.<\/p>\n<p>21.00 Gala dinner\u00a0<\/p>\n<p>[\/et_pb_tab][et_pb_tab title=&#8221;Saturday, 13th July&#8221; _builder_version=&#8221;4.25.1&#8243; global_colors_info=&#8221;{}&#8221;]<\/p>\n<h4><span style=\"color: #99cc00;\"><strong><\/strong><\/span><\/h4>\n<p><strong style=\"color: #99cc00; font-size: 18px;\">Saturday, 13<sup>th<\/sup> July 2024<\/strong><\/p>\n<p>&nbsp;<\/p>\n<p>9.00 Parallel presentations\/ session 3.1<\/p>\n<p>10.00 Parallel presentations \/ session 3.2<\/p>\n<p>11.00 <em>Coffee break<\/em><\/p>\n<p>11.30 Parallel presentations \/ session 3.3<\/p>\n<p>12.30 <strong>Closing Plenary<\/strong><br \/><a href=\"https:\/\/ciceli.es\/en\/monica-jato\/\"><strong>M\u00f3nica Jato<\/strong> <\/a>(University of Birmingham): &#8220;Las poetas de la segunda generaci\u00f3n del exilio espa\u00f1ol en M\u00e9xico: postmemoria e identidad cultural&#8221;<\/p>\n<p>13.30 <strong>IV CICELI closure<\/strong><\/p>\n<p>[\/et_pb_tab][\/et_pb_tabs][\/et_pb_column][\/et_pb_row][\/et_pb_section][et_pb_section fb_built=&#8221;1&#8243; _builder_version=&#8221;4.16&#8243; global_colors_info=&#8221;{}&#8221;][et_pb_row _builder_version=&#8221;4.17.3&#8243; global_colors_info=&#8221;{}&#8221;][et_pb_column type=&#8221;4_4&#8243; _builder_version=&#8221;4.16&#8243; global_colors_info=&#8221;{}&#8221;][\/et_pb_column][\/et_pb_row][\/et_pb_section]<\/p>\n","protected":false},"excerpt":{"rendered":"<p>ProgramProgramme Abstract bookThursday, July 11th 2024 &nbsp; 8.30 Participant\u2019s registration 9.00 IV CICELI Inauguration (Sala Rafael Altamira) Institutional welcome 09.30\u00a0Inaugural Keynote speaker (Sala Rafael Altamira) Marta Ferrari (Universidad Nacional de Mar de Plata, Argentina): \u201cEl tipo de la literata en la Espa\u00f1a del XIX\u201d 10.30\u00a0Coffee break 11.00 Parallel presentations \/ session 1.1 12.00 Parallel presentations [&hellip;]<\/p>\n","protected":false},"author":1,"featured_media":0,"parent":0,"menu_order":0,"comment_status":"closed","ping_status":"closed","template":"","meta":{"_et_pb_use_builder":"on","_et_pb_old_content":"","_et_gb_content_width":"","footnotes":""},"class_list":["post-2722","page","type-page","status-publish","hentry"],"_links":{"self":[{"href":"https:\/\/ciceli.es\/en\/wp-json\/wp\/v2\/pages\/2722","targetHints":{"allow":["GET"]}}],"collection":[{"href":"https:\/\/ciceli.es\/en\/wp-json\/wp\/v2\/pages"}],"about":[{"href":"https:\/\/ciceli.es\/en\/wp-json\/wp\/v2\/types\/page"}],"author":[{"embeddable":true,"href":"https:\/\/ciceli.es\/en\/wp-json\/wp\/v2\/users\/1"}],"replies":[{"embeddable":true,"href":"https:\/\/ciceli.es\/en\/wp-json\/wp\/v2\/comments?post=2722"}],"version-history":[{"count":24,"href":"https:\/\/ciceli.es\/en\/wp-json\/wp\/v2\/pages\/2722\/revisions"}],"predecessor-version":[{"id":2814,"href":"https:\/\/ciceli.es\/en\/wp-json\/wp\/v2\/pages\/2722\/revisions\/2814"}],"wp:attachment":[{"href":"https:\/\/ciceli.es\/en\/wp-json\/wp\/v2\/media?parent=2722"}],"curies":[{"name":"wp","href":"https:\/\/api.w.org\/{rel}","templated":true}]}}