{"id":2829,"date":"2026-03-30T00:03:08","date_gmt":"2026-03-29T23:03:08","guid":{"rendered":"https:\/\/ciceli.es\/en\/?page_id=2829"},"modified":"2026-03-30T01:06:28","modified_gmt":"2026-03-30T00:06:28","slug":"v-ciceli-contact","status":"publish","type":"page","link":"https:\/\/ciceli.es\/en\/v-ciceli-contact\/","title":{"rendered":"V CICELI &#8211; Contact"},"content":{"rendered":"<p>[et_pb_section fb_built=&#8221;1&#8243; prev_background_color=&#8221;#ffffff&#8221; _builder_version=&#8221;4.16&#8243; background_color=&#8221;#EA5342&#8243; background_enable_image=&#8221;off&#8221; background_blend=&#8221;darken&#8221; height=&#8221;200px&#8221; custom_margin=&#8221;||||false|false&#8221; top_divider_style=&#8221;arrow3&#8243; bottom_divider_style=&#8221;mountains2&#8243; bottom_divider_color=&#8221;#ffffff&#8221; bottom_divider_height=&#8221;29px&#8221; global_colors_info=&#8221;{}&#8221;][et_pb_row _builder_version=&#8221;4.16&#8243; custom_padding=&#8221;0px|||||&#8221; global_colors_info=&#8221;{}&#8221;][et_pb_column type=&#8221;4_4&#8243; _builder_version=&#8221;4.16&#8243; global_colors_info=&#8221;{}&#8221;][et_pb_text _builder_version=&#8221;4.26.0&#8243; text_font=&#8221;Annie Use Your Telescope|700|||||||&#8221; text_text_color=&#8221;#ffffff&#8221; text_font_size=&#8221;55px&#8221; text_letter_spacing=&#8221;2px&#8221; text_line_height=&#8221;1.9em&#8221; text_orientation=&#8221;center&#8221; custom_margin=&#8221;||-24px|||&#8221; custom_padding=&#8221;0px|||||&#8221; text_font_size_tablet=&#8221;50px&#8221; text_font_size_phone=&#8221;46px&#8221; text_font_size_last_edited=&#8221;on|phone&#8221; text_text_shadow_style=&#8221;preset1&#8243; global_colors_info=&#8221;{}&#8221;]<\/p>\n<p>Contact<\/p>\n<p>[\/et_pb_text][\/et_pb_column][\/et_pb_row][\/et_pb_section][et_pb_section fb_built=&#8221;1&#8243; _builder_version=&#8221;4.16&#8243; custom_padding=&#8221;||22px|||&#8221; global_colors_info=&#8221;{}&#8221;][et_pb_row column_structure=&#8221;1_2,1_2&#8243; _builder_version=&#8221;4.16&#8243; global_colors_info=&#8221;{}&#8221;][et_pb_column type=&#8221;1_2&#8243; _builder_version=&#8221;4.16&#8243; global_colors_info=&#8221;{}&#8221;][et_pb_text _builder_version=&#8221;4.26.0&#8243; text_font=&#8221;Montserrat||||||||&#8221; global_colors_info=&#8221;{}&#8221;]<\/p>\n<p><strong>Juliana Henriques de Luna Freire <\/strong>(Presidenta del Congreso)<\/p>\n<p>Universidade Federal da Para\u00edba, UFPB (Brasil)<br \/>Centro De Ciencias Humanas, Letras y Artes (CCHLA\/UFPB)<br \/>Universidad Federal da Para\u00edba- Jardim Cidade Universit\u00e1ria<br \/>Jo\u00e3o Pessoa-Para\u00edba, Brasil, 58050-585<\/p>\n<p>[\/et_pb_text][\/et_pb_column][et_pb_column type=&#8221;1_2&#8243; _builder_version=&#8221;4.16&#8243; global_colors_info=&#8221;{}&#8221;][et_pb_text _builder_version=&#8221;4.26.0&#8243; text_font=&#8221;Montserrat||||||||&#8221; global_colors_info=&#8221;{}&#8221;]<\/p>\n<p><strong>Alexsandra Carvalho de Sousa<\/strong> (Secretaria Acad\u00e9mica)<\/p>\n<p>Universidade Federal da Para\u00edba, UFPB (Brasil)<br \/>Col\u00e9gio de Aplica\u00e7\u00e3o de Educa\u00e7\u00e3o B\u00e1sica<br \/>Conj. Pres. Castelo Branco III, Jo\u00e3o Pessoa &#8211; PB, 58050-585<\/p>\n<p>[\/et_pb_text][\/et_pb_column][\/et_pb_row][\/et_pb_section][et_pb_section fb_built=&#8221;1&#8243; _builder_version=&#8221;4.27.6&#8243; _module_preset=&#8221;default&#8221; custom_padding=&#8221;11px|||||&#8221; global_colors_info=&#8221;{}&#8221;][et_pb_row _builder_version=&#8221;4.27.6&#8243; _module_preset=&#8221;default&#8221; custom_padding=&#8221;5px|||||&#8221; global_colors_info=&#8221;{}&#8221;][et_pb_column type=&#8221;4_4&#8243; _builder_version=&#8221;4.27.6&#8243; _module_preset=&#8221;default&#8221; global_colors_info=&#8221;{}&#8221;][et_pb_image src=&#8221;https:\/\/ciceli.es\/en\/wp-content\/uploads\/2026\/03\/CENTRO-DE-CIENCIAS-HUMANAS-LETRAS-Y-ARTES.jpg&#8221; title_text=&#8221;CENTRO DE CIENCIAS HUMANAS LETRAS Y ARTES&#8221; _builder_version=&#8221;4.27.6&#8243; _module_preset=&#8221;default&#8221; global_colors_info=&#8221;{}&#8221;][\/et_pb_image][\/et_pb_column][\/et_pb_row][\/et_pb_section]<\/p>\n","protected":false},"excerpt":{"rendered":"<p>ContactJuliana Henriques de Luna Freire (Presidenta del Congreso) Universidade Federal da Para\u00edba, UFPB (Brasil)Centro De Ciencias Humanas, Letras y Artes (CCHLA\/UFPB)Universidad Federal da Para\u00edba- Jardim Cidade Universit\u00e1riaJo\u00e3o Pessoa-Para\u00edba, Brasil, 58050-585Alexsandra Carvalho de Sousa (Secretaria Acad\u00e9mica) Universidade Federal da Para\u00edba, UFPB (Brasil)Col\u00e9gio de Aplica\u00e7\u00e3o de Educa\u00e7\u00e3o B\u00e1sicaConj. Pres. Castelo Branco III, Jo\u00e3o Pessoa &#8211; PB, 58050-585<\/p>\n","protected":false},"author":1,"featured_media":0,"parent":0,"menu_order":0,"comment_status":"closed","ping_status":"closed","template":"","meta":{"_et_pb_use_builder":"on","_et_pb_old_content":"","_et_gb_content_width":"","footnotes":""},"class_list":["post-2829","page","type-page","status-publish","hentry"],"_links":{"self":[{"href":"https:\/\/ciceli.es\/en\/wp-json\/wp\/v2\/pages\/2829","targetHints":{"allow":["GET"]}}],"collection":[{"href":"https:\/\/ciceli.es\/en\/wp-json\/wp\/v2\/pages"}],"about":[{"href":"https:\/\/ciceli.es\/en\/wp-json\/wp\/v2\/types\/page"}],"author":[{"embeddable":true,"href":"https:\/\/ciceli.es\/en\/wp-json\/wp\/v2\/users\/1"}],"replies":[{"embeddable":true,"href":"https:\/\/ciceli.es\/en\/wp-json\/wp\/v2\/comments?post=2829"}],"version-history":[{"count":5,"href":"https:\/\/ciceli.es\/en\/wp-json\/wp\/v2\/pages\/2829\/revisions"}],"predecessor-version":[{"id":2847,"href":"https:\/\/ciceli.es\/en\/wp-json\/wp\/v2\/pages\/2829\/revisions\/2847"}],"wp:attachment":[{"href":"https:\/\/ciceli.es\/en\/wp-json\/wp\/v2\/media?parent=2829"}],"curies":[{"name":"wp","href":"https:\/\/api.w.org\/{rel}","templated":true}]}}