{"id":409,"date":"2019-12-08T15:31:30","date_gmt":"2019-12-08T14:31:30","guid":{"rendered":"http:\/\/ciceli.es\/en\/?page_id=409"},"modified":"2021-10-06T17:50:07","modified_gmt":"2021-10-06T16:50:07","slug":"20-committees","status":"publish","type":"page","link":"https:\/\/ciceli.es\/en\/20-committees\/","title":{"rendered":"II CICELI &#8211; Committees"},"content":{"rendered":"<p>[et_pb_section fb_built=&#8221;1&#8243; prev_background_color=&#8221;#ffffff&#8221; _builder_version=&#8221;4.0.7&#8243; background_color=&#8221;#2893D2&#8243; background_enable_image=&#8221;off&#8221; background_blend=&#8221;darken&#8221; height=&#8221;200px&#8221; custom_margin=&#8221;||||false|false&#8221; top_divider_style=&#8221;arrow3&#8243; bottom_divider_style=&#8221;curve&#8221; bottom_divider_color=&#8221;#ffffff&#8221; bottom_divider_height=&#8221;29px&#8221; global_colors_info=&#8221;{}&#8221;][et_pb_row _builder_version=&#8221;4.0.6&#8243; custom_padding=&#8221;0px|||||&#8221; global_colors_info=&#8221;{}&#8221;][et_pb_column type=&#8221;4_4&#8243; _builder_version=&#8221;4.0.6&#8243; global_colors_info=&#8221;{}&#8221;][et_pb_text _builder_version=&#8221;4.3.4&#8243; text_font=&#8221;Annie Use Your Telescope|700|||||||&#8221; text_text_color=&#8221;#ffffff&#8221; text_font_size=&#8221;55px&#8221; text_letter_spacing=&#8221;2px&#8221; text_line_height=&#8221;1.9em&#8221; text_orientation=&#8221;center&#8221; custom_margin=&#8221;||-24px|||&#8221; custom_padding=&#8221;0px|||||&#8221; text_font_size_tablet=&#8221;50px&#8221; text_font_size_phone=&#8221;46px&#8221; text_font_size_last_edited=&#8221;on|phone&#8221; text_text_shadow_style=&#8221;preset1&#8243; global_colors_info=&#8221;{}&#8221;]<\/p>\n<p>Committees<\/p>\n<p>[\/et_pb_text][\/et_pb_column][\/et_pb_row][\/et_pb_section][et_pb_section fb_built=&#8221;1&#8243; _builder_version=&#8221;4.0.7&#8243; global_colors_info=&#8221;{}&#8221;][et_pb_row column_structure=&#8221;3_4,1_4&#8243; _builder_version=&#8221;4.0.7&#8243; global_colors_info=&#8221;{}&#8221;][et_pb_column type=&#8221;3_4&#8243; _builder_version=&#8221;4.0.7&#8243; global_colors_info=&#8221;{}&#8221;][et_pb_text _builder_version=&#8221;4.3.4&#8243; global_colors_info=&#8221;{}&#8221;]<\/p>\n<h1><strong>Organizing Committee<\/strong><\/h1>\n<p>Elia Saneleuterio (Universitat de Val\u00e8ncia), president<br \/>\nBego\u00f1a G\u00f3mez Dev\u00eds (Universitat de Val\u00e8ncia), academic secretary<br \/>\nAnna Dev\u00eds (Universitat de Val\u00e8ncia), treasurer<br \/>\nMar\u00eda Alcantud (Universitat de Val\u00e8ncia)<br \/>\nMar\u00eda Botella (Universitat de Val\u00e8ncia)<br \/>\nAndrea Burgos (Universitat de Val\u00e8ncia)<br \/>\nJuan Carlos Casa\u00f1 (Universitat de Val\u00e8ncia)<br \/>\nYolanda Echegoyen (Universitat de Val\u00e8ncia)<br \/>\nRafael Fern\u00e1ndez Maximiano (Universitat de Val\u00e8ncia)<br \/>\nPurificaci\u00f3 Garcia Mascarell (Universitat de Val\u00e8ncia)<br \/>\nVicent Gimeno (Universidad Cat\u00f3lica de Valencia \u201cSan Vicente M\u00e1rtir\u201d)<br \/>\nAntonio Mart\u00edn Ezpeleta (Universitat de Val\u00e8ncia)<br \/>\nCatalina Millan Scheiding (Berklee College of Music)<br \/>\nXavier M\u00ednguez-L\u00f3pez (Universitat de Val\u00e8ncia)<br \/>\nRosa Pardo (Universitat de Val\u00e8ncia)<br \/>\nMatilde Portal\u00e9s (Universitat de Val\u00e8ncia)<br \/>\nJorge Ramos Tolosa (Universitat de Val\u00e8ncia)<br \/>\nAmparo Rodrigo-Mateu (Universitat de Val\u00e8ncia &#8211; University of Dhaka [Bangladesh])<br \/>\nJuan Sen\u00eds (Universidad de Zaragoza)<br \/>\nLuz Souto (Universitat de Val\u00e8ncia)<br \/>\nCrist\u00f3bal Nico Su\u00e1rez (Universitat de Val\u00e8ncia)<br \/>\nSanti Tena (Universidad Cat\u00f3lica de Valencia \u201cSan Vicente M\u00e1rtir\u201d)<\/p>\n<p><em>Administrative Secretariat<\/em><\/p>\n<p>Diego Alarc\u00f3n (Universitat de Val\u00e8ncia)<br \/>\nAmparo Alfaro (Universitat de Val\u00e8ncia)<br \/>\nJuli\u00e1n Tello (Universitat de Val\u00e8ncia)[\/et_pb_text][\/et_pb_column][et_pb_column type=&#8221;1_4&#8243; _builder_version=&#8221;4.0.7&#8243; global_colors_info=&#8221;{}&#8221;][\/et_pb_column][\/et_pb_row][et_pb_row column_structure=&#8221;1_3,2_3&#8243; _builder_version=&#8221;4.0.7&#8243; global_colors_info=&#8221;{}&#8221;][et_pb_column type=&#8221;1_3&#8243; _builder_version=&#8221;4.0.7&#8243; global_colors_info=&#8221;{}&#8221;][\/et_pb_column][et_pb_column type=&#8221;2_3&#8243; _builder_version=&#8221;4.0.7&#8243; global_colors_info=&#8221;{}&#8221;][et_pb_text _builder_version=&#8221;4.3.4&#8243; width=&#8221;97.4%&#8221; global_colors_info=&#8221;{}&#8221;]<\/p>\n<h1><strong>Scientific Committee<\/strong><\/h1>\n<p>Samuel Amago (University of Virginia [Estados Unidos])<br \/> Emilie Bergmann (University of California, Berkeley [Estados Unidos])<br \/> Catherine Butler (Cardiff University [Reino Unido])<br \/> Wladimir Ch\u00e1vez (\u00d8stfold University College [Noruega])<br \/> Elena Delgadova (Tren\u010dianska Univerzita Alexandra Dub\u010deka v Tren\u010d\u00edne [Eslovaquia])<br \/> Jes\u00fas D\u00edaz Armas (Universidad de La Laguna [Espa\u00f1a])<br \/> Oswaldo Estrada (University of North Carolina, Chapel Hill [Estados Unidos])<br \/> Teresa Fern\u00e1ndez Ulloa (California State University, Bakersfield [Estados Unidos])<br \/> Xavier Fr\u00edas Conde (Universidad Nacional de Educaci\u00f3n a Distancia [Espa\u00f1a])<br \/> Macarena Garc\u00eda (Universidad Cat\u00f3lica de Chile [Chile])<br \/> Iker Gonz\u00e1lez-Allende (University of Nebraska-Lincoln [Estados Unidos])<br \/> Zo\u00e9 Jim\u00e9nez Corretjer (Universidad de Puerto Rico en Humacao [Puerto Rico])<br \/> Kit Kelen (University of Macau [China])<br \/> Weronika Kostecka (Uniwersytet Warszawski [Polonia])<br \/> Elena Lahr-Vivaz (Rutgers University-Newark [Estados Unidos])<br \/> Rebeca Cristina L\u00f3pez Gonz\u00e1lez (Universidade de Vigo [Espa\u00f1a])<br \/> Amando L\u00f3pez Valero (Universidad de Murcia [Espa\u00f1a])<br \/> Trinidad Mar\u00edn Villora (Uniwersytet Wroc\u0142awski [Polonia])<br \/> Jan Mennell (Queen\u2019s Universtiy, Kingston, Ontario [Canad\u00e1])<br \/> Br\u00edgida M. Pastor Pastor (Swansea University [Reino Unido])<br \/> Ana Mar\u00eda P\u00e9rez-Guerrero (Universidad de La Sabana [Colombia])<br \/> Eva Paris-Huesca (Ohio Wesleyan University [Estados Unidos])<br \/> Genoveva Ponce Naranjo (Universidad Nacional de Chimborazo [Ecuador])<br \/> Bego\u00f1a Regueiro (Universidad Complutense de Madrid [Espa\u00f1a])<br \/> Jos\u00e9 Vicente Salido L\u00f3pez (Universidad de Castilla-La Mancha [Espa\u00f1a])<br \/> Elia Saneleuterio,\u00a0director of the conference<span style=\"font-size: 14px;\">, President of Organizing and Scientific Committees (Universitat de Val\u00e8ncia [Spain])<\/span><br \/> Mois\u00e9s Selfa Sastre (Universitat de Lleida [Espa\u00f1a])<br \/> Alexander Selimov (University of Delaware [Estados Unidos])<br \/> Bj\u00f6rn Sundmark (Malm\u00f6 University [Suecia])<br \/> George Thomas (University of Northern Colorado [Estados Unidos])<br \/> Emmanuel Le Vagueresse (Universit\u00e9 de Reims Champagne-Ardenne [Francia])<br \/> Vinodh Venkatesh (Virginia Tech University [Estados Unidos])<br \/> Carole Vi\u00f1als (Universit\u00e9 Charles de Gaulle Lille III [Francia])<\/p>\n<p>[\/et_pb_text][\/et_pb_column][\/et_pb_row][\/et_pb_section]<\/p>\n","protected":false},"excerpt":{"rendered":"<p>CommitteesOrganizing Committee Elia Saneleuterio (Universitat de Val\u00e8ncia), president Bego\u00f1a G\u00f3mez Dev\u00eds (Universitat de Val\u00e8ncia), academic secretary Anna Dev\u00eds (Universitat de Val\u00e8ncia), treasurer Mar\u00eda Alcantud (Universitat de Val\u00e8ncia) Mar\u00eda Botella (Universitat de Val\u00e8ncia) Andrea Burgos (Universitat de Val\u00e8ncia) Juan Carlos Casa\u00f1 (Universitat de Val\u00e8ncia) Yolanda Echegoyen (Universitat de Val\u00e8ncia) Rafael Fern\u00e1ndez Maximiano (Universitat de Val\u00e8ncia) Purificaci\u00f3 [&hellip;]<\/p>\n","protected":false},"author":1,"featured_media":0,"parent":0,"menu_order":0,"comment_status":"closed","ping_status":"closed","template":"","meta":{"_et_pb_use_builder":"on","_et_pb_old_content":"","_et_gb_content_width":"","footnotes":""},"class_list":["post-409","page","type-page","status-publish","hentry"],"_links":{"self":[{"href":"https:\/\/ciceli.es\/en\/wp-json\/wp\/v2\/pages\/409","targetHints":{"allow":["GET"]}}],"collection":[{"href":"https:\/\/ciceli.es\/en\/wp-json\/wp\/v2\/pages"}],"about":[{"href":"https:\/\/ciceli.es\/en\/wp-json\/wp\/v2\/types\/page"}],"author":[{"embeddable":true,"href":"https:\/\/ciceli.es\/en\/wp-json\/wp\/v2\/users\/1"}],"replies":[{"embeddable":true,"href":"https:\/\/ciceli.es\/en\/wp-json\/wp\/v2\/comments?post=409"}],"version-history":[{"count":20,"href":"https:\/\/ciceli.es\/en\/wp-json\/wp\/v2\/pages\/409\/revisions"}],"predecessor-version":[{"id":1062,"href":"https:\/\/ciceli.es\/en\/wp-json\/wp\/v2\/pages\/409\/revisions\/1062"}],"wp:attachment":[{"href":"https:\/\/ciceli.es\/en\/wp-json\/wp\/v2\/media?parent=409"}],"curies":[{"name":"wp","href":"https:\/\/api.w.org\/{rel}","templated":true}]}}