{"id":696,"date":"2019-12-09T13:16:06","date_gmt":"2019-12-09T12:16:06","guid":{"rendered":"http:\/\/ciceli.es\/en\/?page_id=696"},"modified":"2020-03-30T22:49:23","modified_gmt":"2020-03-30T21:49:23","slug":"juan-de-dios-villanueva-roa","status":"publish","type":"page","link":"https:\/\/ciceli.es\/en\/juan-de-dios-villanueva-roa\/","title":{"rendered":"Juan de Dios Villanueva Roa"},"content":{"rendered":"<p>[et_pb_section fb_built=&#8221;1&#8243; _builder_version=&#8221;4.0.7&#8243;][et_pb_row _builder_version=&#8221;4.0.7&#8243;][et_pb_column type=&#8221;4_4&#8243; _builder_version=&#8221;4.0.7&#8243;][et_pb_image src=&#8221;http:\/\/ciceli.es\/en\/wp-content\/uploads\/2019\/12\/foto-JVR_p.png&#8221; align=&#8221;center&#8221; _builder_version=&#8221;4.0.7&#8243; custom_css_main_element=&#8221;border-radius: 100px;||overflow: hidden;||max-width : 200px;||margin: 0 auto 30px;||border: 4px solid #ffffff;||-webkit-box-shadow: 0px 0px 20px 1px rgba(38,37,38,0.39);||-moz-box-shadow: 0px 0px 20px 1px rgba(38,37,38,0.39);||box-shadow: 0px 0px 20px 1px rgba(38,37,38,0.50);&#8221;][\/et_pb_image][et_pb_text _builder_version=&#8221;4.0.7&#8243; text_text_color=&#8221;#2893D2&#8243; text_font_size=&#8221;16px&#8221;]<\/p>\n<h1 class=\"et_pb_module_header\" style=\"text-align: center;\">Juan de Dios Villanueva Roa<\/h1>\n<p>[\/et_pb_text][et_pb_text _builder_version=&#8221;4.3.4&#8243; hover_enabled=&#8221;0&#8243;]<\/p>\n<p><strong>University Professor <\/strong><br \/> <strong>Department of Didactics of Language and Literature, University of Granada<\/strong><\/p>\n<p>Juan de Dios Villanueva Roa is a professor of Didactics of Language and Literature at the University of Granada since 2007-2008. He has a diploma in Teaching, a degree in Hispanic Philology and a PhD in Didactics of Language and Literature. Throughout his professional career he has taught in the entire education system, from Infant, Primary, Adult Education, Secondary and University. For six years he has worked in the Open and Distance Education University Consortium in Andalusia &#8220;Fernando de los R\u00edos,\u201d serving as coordinator and manager. To his credit there are several dozen publications referring to his research fields, in the form of books and scientific articles, focused on adult education, teaching of reading and literature, reading competence and teaching of Spanish as a foreign language.<\/p>\n<p>He has been a visiting professor at the universities of Olomouc, Prague, Brno (Czech Republic), Tor Vergata, Roma III, Casino, Bologna (Italy), Toulouse (France), Liverpool (England), among others. He has participated in more than a hundred national and international congresses, both as an assistant and as a speaker.<\/p>\n<p>His topics of research are the teaching of Spanish as a foreign language, methodology of teaching of reading and writing and teaching of literature. He has participated in various research projects, both national and European. It is worth mentioning its participation in the EU SPEAK I and II projects. At the moment he investigates feminine and feminist literature throughout the twentieth century, and the treatment of Andalusian authors in textbooks (Lorca, Juan Ram\u00f3n Jim\u00e9nez, Aleixandre, Alberti &#8230;).<\/p>\n<p>He is currently a doctoral thesis professor at the Universidad Iberoamericana, at its headquarters in Puerto Rico and Mexico, in addition to those directed at the University of Granada. He has directed about a hundred master&#8217;s thesis, referring to his topics of research.<\/p>\n<p>He is co-founder of the <em>Revista Investigaciones Sobre Lectur<\/em>a, which he has directed for three years, while he is the General Coordinator of the Spanish Association of Reading Comprehension.<\/p>\n<p>As a writer, we find in his literary production books of poetry (<em>Candela<\/em>), stories (<em>Atardecer, Julia, el otro lado de la puerta, Lian<\/em>), novel (<em>El oto\u00f1o de Luc\u00eda<\/em>), essay (<em>Fiestas de moros y cristianos, Ventana abierta a la educaci\u00f3n<\/em>\u2026).\u00a0To this we must add the publication of around 1800 newspaper columns in the <em>IDEAL newspapers<\/em>, of the <em>VOCENTO group<\/em>, and <em>Granada Digita<\/em>l, in addition to many other collaborations in various literary magazines. In his literature he addresses the feminine perspective from an intimate vision, in which the protagonists open their minds to the reader and talk to themselves looking for ways out of the different situations that arise, real and different life situations in each case, in the that society demands a plus for being a woman, in which education marks life, often harder, for the same fact. But there can always be an intrinsic satisfaction.<\/p>\n<p>&nbsp;<\/p>\n<p>[\/et_pb_text][et_pb_text _builder_version=&#8221;4.3.4&#8243; hover_enabled=&#8221;0&#8243;]<\/p>\n<h4><strong>Selected publications by Juan de Dios Villanueva Roa<\/strong><\/h4>\n<p>Villanueva Roa, Juan de Dios (2019): La literatura infantil y juvenil, en <em>Revista Articles<\/em>, N\u00famero 81, pp. 79-80. ISSN: 1133-9875 y 2014-4636<\/p>\n<p>Villanueva Roa, Juan de Dios (2019): Presentaci\u00f3n de la obra: An\u00e1lisis de la novela africana postcolonial: desde la inmigraci\u00f3n a la lucha por la identidad, en <em>\u00c1frica y la literatura comparada. La novela africana en lenguas europeas, <\/em>Monique Nomo y Wilfried Mvondo (directores), Juan de Dios Villanueva (Editor). P\u00e1gs. 9 a 19. ISBN: 978-84-338-6462-8, Dep\u00f3sito legal: Gr.\/602-2019. Editorial Universidad de Granada. Granada.<\/p>\n<p>Crist\u00f3bal Hornillos, Rub\u00e9n, Sanju\u00e1n \u00c1lvarez, Marta y Villanueva Roa, Juan de Dios (2019): Educaci\u00f3n literaria basada en canciones, en <em>Revista Textos<\/em>, N\u00famero 83, pp. 53-59. ISSN: 2014-4776 <a href=\"https:\/\/www.grao.com\/es\/producto\/revista-textos-83-enero-19-perspectiva-sociocultural-en-la-didactica-de-la-lengua-y-la-literatura-tx083\">https:\/\/www.grao.com\/es\/producto\/revista-textos-83-enero-19-perspectiva-sociocultural-en-la-didactica-de-la-lengua-y-la-literatura-tx083<\/a><\/p>\n<p>Felipe Morales, Andrea y Villanueva Roa, Juan de Dios (2018): Dise\u00f1o y validaci\u00f3n de una prueba piloto para la evaluaci\u00f3n de la competencia lectora de estudiantes universitarios, en <em>Investigaciones Sobre Lectura<\/em>, <em>n\u00ba 10<\/em>, pp.\u00a0 99 a 121. ISSN: 2340-8685 <a href=\"https:\/\/www.comprensionlectora.es\/revistaisl\/index.php\/revistaISL\/article\/view\/258\">https:\/\/www.comprensionlectora.es\/revistaisl\/index.php\/revistaISL\/article\/view\/258<\/a><\/p>\n<p>Villanueva Roa, Juan de Dios (2018): Bibliotecas y Literatura Infantil y Juvenil, en <em>La literatura infantil y juvenil: investigaciones<\/em>. Coordinadores: Elena Jim\u00e9nez P\u00e9rez y Santiago F\u00e1bregat Barrios. ISBN: 978-84-17667-18-4. Dep\u00f3sito legal: B. 4504-2019. Ediciones Octaedro, S.L., Colecci\u00f3n Universidad. Barcelona. Pg. 51-65.<\/p>\n<p>Villanueva Roa, Juan de Dios y Rodrigo, Victoria (2018): La lectura en los manuales para la ense\u00f1anza del espa\u00f1ol como lengua extranjera a inmigrantes, en <em>Doblele, Revista de lengua y literatura.<\/em> Volumen 4, N\u00famero 1. pp. 82-107. ISSN: 2462-3733, DOI: <a href=\"https:\/\/doi.org\/10.5565\/rev\/doblele.42\">https:\/\/doi.org\/10.5565\/rev\/doblele.42<\/a> , visto en <a href=\"https:\/\/revistes.uab.cat\/doblele\/article\/view\/v4-villanueva-rodrigo\">https:\/\/revistes.uab.cat\/doblele\/article\/view\/v4-villanueva-rodrigo<\/a><\/p>\n<p>Gozdur, Paulina y Villanueva, Juan de Dios (2017): \u00bfPor qu\u00e9 espa\u00f1ol? La motivaci\u00f3n y las actitudes en el aprendizaje de E\/LE en la UMCS de Lublin, <em>Polska Iberyistyka<\/em>, DOI: 10.24917\/9788380840805. Pp. 102-113<\/p>\n<p>Villanueva Roa, Juan de Dios y otros (2017): Hacia la educaci\u00f3n lectora, en <em>Educaci\u00f3n lectora<\/em>. Coordinadora Elena Jim\u00e9nez P\u00e9rez. ISBN: 978-84-9171-088-2, Dep\u00f3sito Legal: 32.931-2017. Editorial S\u00edntesis. Colecci\u00f3n Psicolog\u00eda\/Educaci\u00f3n, N\u00ba 32. Madrid. Pg. 17-22.<\/p>\n<p>Villanueva Roa, Juan de Dios y Otros (2016): Did\u00e1tica da leitura a partir da pr\u00e1tica, en <em>Leitura e Educa\u00e7\u00e3o Liter\u00e1ria<\/em>, LIDEL\/PACTOR, Lisboa.<\/p>\n<p>Villanueva Roa y otros (2016): C\u00f3mo aprende el cerebro humano: dificultades en la adquisici\u00f3n del lenguaje, en <em>La comprensi\u00f3n y la competencia lectoras<\/em>. Coordinadora Elena Jim\u00e9nez P\u00e9rez. ISBN: 978-84-9077-250-8, Editorial S\u00edntesis. Madrid. Pg. 41-58.<\/p>\n<p>Villanueva Roa, Juan de Dios y Tim\u00f3n Camacho, Samuel (2016): Uso de las TIC y la lectura en secundaria, en <em>Profesorado, Revista De Curr\u00edculum Y Formaci\u00f3n Del Profesorado<\/em>, Volumen 20.1, ISSN 1138-414X<\/p>\n<p>Villanueva Roa, Juan de Dios y Fornieles, Fernando (2015): Estudio comparativo en el aprendizaje de la escritura en la Educaci\u00f3n Infantil: Constructivismo vs. m\u00e9todo sil\u00e1bico, en <em>OCNOS<\/em>, Volumen 14, ISSN 2254-9099, pp. 100-113.<\/p>\n<p>Villanueva Roa, Juan de Dios, Crist\u00f3bal, Rub\u00e9n (2015): El uso de canciones estimula el lenguaje de la literatura, en <em>Zeszyty Naukowe Uczelni Vistula. Philology Iv<\/em>, Vistula University Working Papers, ISSN 2353-2688, pp. 60-71.<\/p>\n<p>Villanueva Roa, Juan de Dios (2015): Dificultades en comprensi\u00f3n lectora de alumnos universitarios. Una propuesta remedial, <em>Lenguaje y Textos<\/em>, 40. ISSN: 1133-4770.<\/p>\n<p>Villanueva Roa, Juan de Dios, Crist\u00f3bal, Rub\u00e9n (2015): La m\u00fasica, un instrumento en la ense\u00f1anza del espa\u00f1ol como lengua extranjera aplicando las Nuevas Tecnolog\u00edas, en <em>Porta Linguarum. Revista Internacional de Did\u00e1ctica de las Lenguas Extranjeras<\/em>, ISSN 1697-7467, pp.139-151[\/et_pb_text][et_pb_text _builder_version=&#8221;4.3.4&#8243; hover_enabled=&#8221;0&#8243;]<\/p>\n<p><em>Literary Production<\/em><\/p>\n<p>Villanueva Roa, Juan de Dios (1999): <em>Atardecer.<\/em> Ediciones Osuna, Colecci\u00f3n: EOS, Volumen: 31. ISBN: 84 \u2013 89717 \u2013 39 \u2013 9. Granada.<\/p>\n<p>Villanueva Roa, Juan de Dios (2001): <em>El techo de cristal<\/em>. Colegio de Gestores de Granada.<\/p>\n<p>Villanueva Roa, Juan de Dios (2001): <em>Patera<\/em>. Colegio de Gestores de Granada.<\/p>\n<p>Villanueva Roa, Juan de Dios (2001): <em>Sue\u00f1os<\/em>. Colegio de Gestores de Granada.<\/p>\n<p>Villanueva Roa, Juan de Dios (2002): <em>El oto\u00f1o de Luc\u00eda<\/em>. Ediciones Osuna. Colecci\u00f3n: Espadafor. Volumen: 5 ISBN: 84 \u2013 95805 \u2013 05 \u2013 7. Granada.<\/p>\n<p>Villanueva Roa, Juan de Dios (2002): <em>Carta de amor<\/em>. Colegio de Gestores de Granada.<\/p>\n<p>Villanueva Roa, Juan de Dios (2002): <em>Julia, el otro lado de la puerta<\/em>. Edita: Instituto andaluz de la mujer, Granada y C\u00f3rdoba.<\/p>\n<p>Villanueva Roa, Juan de Dios, Jos\u00e9 Saramago, Mu\u00f1oz Molina y otros (2002): \u201cMercaderes de viento\u201d, en <em>Granada en cuento,<\/em> Editorial: Dauro, Colecci\u00f3n Narrativa IDEAL, Volumen: 6. ISBN: 84 \u2013 95763 \u2013 29 \u2013 X. pp. 217 \u2013224. Granada.<\/p>\n<p>Villanueva Roa, Juan de Dios (2008): <em>La obra teatral como festejo<\/em>. Grupo Editorial Universitario. ISBN 978-84-8491-888-2, Granada.<\/p>\n<p>Villanueva Roa, Juan de Dios (2015): <em>Candela<\/em>. Ediciones DAURO. ISBN 978-84-16340-47-7. Granada.<\/p>\n<p>Villanueva Roa, Juan de Dios (2018): <em>Lian<\/em>. Ediciones Diputaci\u00f3n Provincial de Granada. ISBN 978-84-7807-613-0. Granada.<\/p>\n<p>Villanueva Roa, Juan de Dios (2018): <em>Sin la mirada<\/em>. En Extramuros, Revista de Letras, Artes y Ciencia, N\u00famero 50, pg. 48-51<\/p>\n<p>[\/et_pb_text][\/et_pb_column][\/et_pb_row][\/et_pb_section]<\/p>\n","protected":false},"excerpt":{"rendered":"<p>Juan de Dios Villanueva RoaUniversity Professor Department of Didactics of Language and Literature, University of Granada Juan de Dios Villanueva Roa is a professor of Didactics of Language and Literature at the University of Granada since 2007-2008. He has a diploma in Teaching, a degree in Hispanic Philology and a PhD in Didactics of Language [&hellip;]<\/p>\n","protected":false},"author":1,"featured_media":0,"parent":0,"menu_order":0,"comment_status":"closed","ping_status":"closed","template":"","meta":{"_et_pb_use_builder":"on","_et_pb_old_content":"","_et_gb_content_width":"","footnotes":""},"class_list":["post-696","page","type-page","status-publish","hentry"],"_links":{"self":[{"href":"https:\/\/ciceli.es\/en\/wp-json\/wp\/v2\/pages\/696","targetHints":{"allow":["GET"]}}],"collection":[{"href":"https:\/\/ciceli.es\/en\/wp-json\/wp\/v2\/pages"}],"about":[{"href":"https:\/\/ciceli.es\/en\/wp-json\/wp\/v2\/types\/page"}],"author":[{"embeddable":true,"href":"https:\/\/ciceli.es\/en\/wp-json\/wp\/v2\/users\/1"}],"replies":[{"embeddable":true,"href":"https:\/\/ciceli.es\/en\/wp-json\/wp\/v2\/comments?post=696"}],"version-history":[{"count":6,"href":"https:\/\/ciceli.es\/en\/wp-json\/wp\/v2\/pages\/696\/revisions"}],"predecessor-version":[{"id":903,"href":"https:\/\/ciceli.es\/en\/wp-json\/wp\/v2\/pages\/696\/revisions\/903"}],"wp:attachment":[{"href":"https:\/\/ciceli.es\/en\/wp-json\/wp\/v2\/media?parent=696"}],"curies":[{"name":"wp","href":"https:\/\/api.w.org\/{rel}","templated":true}]}}