{"id":835,"date":"2020-02-27T22:41:34","date_gmt":"2020-02-27T21:41:34","guid":{"rendered":"http:\/\/ciceli.es\/en\/?page_id=835"},"modified":"2020-03-30T23:25:18","modified_gmt":"2020-03-30T22:25:18","slug":"inma-chacon","status":"publish","type":"page","link":"https:\/\/ciceli.es\/en\/inma-chacon\/","title":{"rendered":"Inma Chac\u00f3n"},"content":{"rendered":"<p>[et_pb_section fb_built=&#8221;1&#8243; _builder_version=&#8221;4.0.7&#8243;][et_pb_row _builder_version=&#8221;4.0.7&#8243;][et_pb_column type=&#8221;4_4&#8243; _builder_version=&#8221;4.0.7&#8243;][et_pb_image src=&#8221;http:\/\/ciceli.es\/en\/wp-content\/uploads\/2020\/02\/inma_chacon_p.jpg&#8221; align=&#8221;center&#8221; _builder_version=&#8221;4.3.4&#8243; custom_css_main_element=&#8221;border-radius: 100px;||overflow: hidden;||max-width : 200px;||margin: 0 auto 30px;||border: 4px solid #ffffff;||-webkit-box-shadow: 0px 0px 20px 1px rgba(38,37,38,0.39);||-moz-box-shadow: 0px 0px 20px 1px rgba(38,37,38,0.39);||box-shadow: 0px 0px 20px 1px rgba(38,37,38,0.50);&#8221;][\/et_pb_image][et_pb_text _builder_version=&#8221;4.3.4&#8243; text_text_color=&#8221;#2893D2&#8243; text_font_size=&#8221;16px&#8221;]<\/p>\n<h1 class=\"et_pb_module_header\" style=\"text-align: center;\">Inma Chac\u00f3n<\/h1>\n<p>[\/et_pb_text][et_pb_text _builder_version=&#8221;4.3.4&#8243; text_orientation=&#8221;justified&#8221;]<\/p>\n<p>She has a PhD in Information Sciences from the Complutense University of Madrid and a professor of Documentation. She has been dean of the Faculty of Communication and Humanities at the European University. She founded and directed the digital magazine <em>Binaria: Magazine of Communication, Culture and Technology<\/em>. <em>The Indian princess<\/em> (Alfaguara) was her first foray into the world of narrative followed by <em>The Filipinos<\/em> (Alfaguara).<\/p>\n<p>She was born in Zafra, Extremadura, in 1954. Her father, Antonio Chac\u00f3n, who was mayor of Zafra, had literary concerns: he wrote poems with the pseudonym Hache and read poetry to his family. He died when Inma was 11 years old. Mar\u00eda Guti\u00e9rrez, the mother, left the following year to Madrid, where they settled.<\/p>\n<p>Inma says that she learned to read literature &#8220;very soon&#8221;: &#8220;My father was a poet and my mother has been a great fan of reading, so from a young age she chose us books.&#8221;<\/p>\n<p>He has been a columnist for <em>El Peri\u00f3dico de Extremadura<\/em> since late 2005 and collaborates with various media.<\/p>\n<p>Her first novel, <em>The Indian Princess<\/em>, is a tribute to her sister, it was a story she wanted to write when she became ill with cancer that would end her life in 2003. Dulce asked Inma to carry out that project.<\/p>\n<p>In May 2011, she published in the publishing house La Galera her first book for young people, <em>Nick<\/em>, a novel with a love story through the network.<\/p>\n<p>On October 15<sup>th<\/sup>, 2011, Inma Chac\u00f3n has been awarded as a finalist of the Planeta Prize with her fourth novel: <em>Arena Time<\/em>, a novel set in Spain in the late nineteenth and early twentieth centuries, and starring three sisters fighting each of them for their rights.<\/p>\n<p>October 2013 is the date on which Inma Chac\u00f3n publishes her novel <em>While I can think<\/em> (Planeta), an emotional and overwhelming novel about the search for identity of a &#8220;stolen&#8221; child in search of its origins and the circumstances of a biological mother, who He never believed that his son had died.<\/p>\n<p>In June 2016, a work written by Inma Chac\u00f3n and Jos\u00e9 Ram\u00f3n Fern\u00e1ndez, <em>Las Cervantas<\/em>, was acclaimed in Classics in Alcal\u00e1, Festival of Classical Theater of C\u00e1ceres, International Festival of Comic and Festive Theater of Cangas and Festival of Classical Theater of Alicante.<\/p>\n<p>In October 2016, <em>Earth without men<\/em> (Planeta) was published, based on real events, which is framed in Galicia in the late nineteenth and early twentieth centuries, in a village full of superstitions and talk, rainy, poor, where women see how their men have to emigrate in search of a better life, a dream that is sometimes fulfilled and others, turns against everyone\u2026<\/p>\n<p>[\/et_pb_text][et_pb_text _builder_version=&#8221;4.3.4&#8243; hover_enabled=&#8221;0&#8243; custom_padding=&#8221;5px|||||&#8221;]<\/p>\n<h4><strong>Follow Inma Chac\u00f3n<br \/> <\/strong><\/h4>\n<p><a href=\"http:\/\/inmachacon.com\/\">http:\/\/inmachacon.com\/<\/a><\/p>\n<p>[\/et_pb_text][\/et_pb_column][\/et_pb_row][\/et_pb_section]<\/p>\n","protected":false},"excerpt":{"rendered":"<p>Inma Chac\u00f3nShe has a PhD in Information Sciences from the Complutense University of Madrid and a professor of Documentation. She has been dean of the Faculty of Communication and Humanities at the European University. She founded and directed the digital magazine Binaria: Magazine of Communication, Culture and Technology. The Indian princess (Alfaguara) was her first [&hellip;]<\/p>\n","protected":false},"author":1,"featured_media":0,"parent":0,"menu_order":0,"comment_status":"closed","ping_status":"closed","template":"","meta":{"_et_pb_use_builder":"on","_et_pb_old_content":"","_et_gb_content_width":"","footnotes":""},"class_list":["post-835","page","type-page","status-publish","hentry"],"_links":{"self":[{"href":"https:\/\/ciceli.es\/en\/wp-json\/wp\/v2\/pages\/835","targetHints":{"allow":["GET"]}}],"collection":[{"href":"https:\/\/ciceli.es\/en\/wp-json\/wp\/v2\/pages"}],"about":[{"href":"https:\/\/ciceli.es\/en\/wp-json\/wp\/v2\/types\/page"}],"author":[{"embeddable":true,"href":"https:\/\/ciceli.es\/en\/wp-json\/wp\/v2\/users\/1"}],"replies":[{"embeddable":true,"href":"https:\/\/ciceli.es\/en\/wp-json\/wp\/v2\/comments?post=835"}],"version-history":[{"count":4,"href":"https:\/\/ciceli.es\/en\/wp-json\/wp\/v2\/pages\/835\/revisions"}],"predecessor-version":[{"id":915,"href":"https:\/\/ciceli.es\/en\/wp-json\/wp\/v2\/pages\/835\/revisions\/915"}],"wp:attachment":[{"href":"https:\/\/ciceli.es\/en\/wp-json\/wp\/v2\/media?parent=835"}],"curies":[{"name":"wp","href":"https:\/\/api.w.org\/{rel}","templated":true}]}}